{"id":79250,"date":"2024-01-29T19:38:52","date_gmt":"2024-01-29T18:38:52","guid":{"rendered":"https:\/\/techfizz-bc.com\/?post_type=product&#038;p=79250"},"modified":"2024-02-11T00:01:03","modified_gmt":"2024-02-10T23:01:03","slug":"formation-communiquer-et-prendre-la-parole-en-public-2024-2","status":"publish","type":"product","link":"https:\/\/techfizz-bc.com\/en\/product\/formation-communiquer-et-prendre-la-parole-en-public-2024-2\/","title":{"rendered":"Formation \u00ab\u00a0Communiquer et prendre la parole en public\u00a0\u00bb &#8211; 3 j &#8211; 11-12-13\/03\/2024"},"content":{"rendered":"","protected":false},"excerpt":{"rendered":"<p>Cette formation vous permet en trois jours de ma\u00eetriser les principes de base de la communication interpersonnelle et de la communication de groupe. Elle se fonde sur une p\u00e9dagogie active alternant cours th\u00e9orique pr\u00e9sentant les m\u00e9thodes et outils, cas concrets, mises en situation avec travail en groupe, mises en situation individuelles. Elle vous permettra d&rsquo;acqu\u00e9rir les fondamentaux de l&rsquo;art oratoire comme le pratiquent les acteurs professionnels ou les grands orateurs, et les techniques expos\u00e9es par Stanislawski dans ses ouvrages et pratiqu\u00e9es dans de prestigieuses \u00e9coles comme l&rsquo;Actor Studio.<\/p>\n<p>Les exercices sont corrig\u00e9s et restitu\u00e9s imm\u00e9diatement \u00e0 l&rsquo;aide de moyens audio ou video, afin de permettre un progr\u00e8s continu de chaque participant tout au long de la session.<\/p>\n<p>Les principaux th\u00e8mes abord\u00e9s au cours de la formation sont:<\/p>\n<ul>\n<li>les diff\u00e9rents types de communication<\/li>\n<li>les techniques vocales &#8211; les appuis &#8211; le contrat &#8211; les r\u00e8gles<\/li>\n<li>la pr\u00e9paration de la communication<\/li>\n<li>la communication interpersonnelle en face \u00e0 face<\/li>\n<li>la communication indirecte: le t\u00e9l\u00e9phone, la visioconf\u00e9rence<\/li>\n<li>la prise de rendez vous<\/li>\n<li>la conduite d&rsquo;une r\u00e9union<\/li>\n<li>les techniques pour capter l&rsquo;attention et la conserver<\/li>\n<li>la gestion d&rsquo;un auditoire difficile<\/li>\n<li>etc.<\/li>\n<\/ul>\n<p>La formation se fait en petits groupes volontairement limit\u00e9e \u00e0 6 personnes afin d&rsquo;avoir un maximum de temps pour de la mise en situation et aboutir \u00e0 un r\u00e9sultat le plus op\u00e9rationnel possible.<\/p>\n<p>&nbsp;<\/p>","protected":false},"featured_media":77460,"template":"","meta":[],"product_cat":[325],"product_tag":[326],"class_list":{"0":"post-79250","1":"product","2":"type-product","3":"status-publish","4":"has-post-thumbnail","6":"product_cat-training","7":"product_tag-communiquer","8":"pa_color-silver","10":"first","11":"instock","12":"taxable","13":"shipping-taxable","14":"purchasable","15":"product-type-simple"},"_links":{"self":[{"href":"https:\/\/techfizz-bc.com\/en\/wp-json\/wp\/v2\/product\/79250","targetHints":{"allow":["GET"]}}],"collection":[{"href":"https:\/\/techfizz-bc.com\/en\/wp-json\/wp\/v2\/product"}],"about":[{"href":"https:\/\/techfizz-bc.com\/en\/wp-json\/wp\/v2\/types\/product"}],"version-history":[{"count":6,"href":"https:\/\/techfizz-bc.com\/en\/wp-json\/wp\/v2\/product\/79250\/revisions"}],"predecessor-version":[{"id":79300,"href":"https:\/\/techfizz-bc.com\/en\/wp-json\/wp\/v2\/product\/79250\/revisions\/79300"}],"wp:featuredmedia":[{"embeddable":true,"href":"https:\/\/techfizz-bc.com\/en\/wp-json\/wp\/v2\/media\/77460"}],"wp:attachment":[{"href":"https:\/\/techfizz-bc.com\/en\/wp-json\/wp\/v2\/media?parent=79250"}],"wp:term":[{"taxonomy":"product_cat","embeddable":true,"href":"https:\/\/techfizz-bc.com\/en\/wp-json\/wp\/v2\/product_cat?post=79250"},{"taxonomy":"product_tag","embeddable":true,"href":"https:\/\/techfizz-bc.com\/en\/wp-json\/wp\/v2\/product_tag?post=79250"}],"curies":[{"name":"wp","href":"https:\/\/api.w.org\/{rel}","templated":true}]}}