{"id":81,"date":"2022-10-24T15:22:58","date_gmt":"2022-10-24T13:22:58","guid":{"rendered":"http:\/\/techfizz-bc.com\/?page_id=81"},"modified":"2024-02-14T10:26:48","modified_gmt":"2024-02-14T09:26:48","slug":"formation","status":"publish","type":"page","link":"https:\/\/techfizz-bc.com\/en\/formation\/","title":{"rendered":"TRAINING"},"content":{"rendered":"<div data-elementor-type=\"wp-page\" data-elementor-id=\"81\" class=\"elementor elementor-81\" data-elementor-post-type=\"page\">\n\t\t\t\t\t\t<section class=\"elementor-section elementor-top-section elementor-element elementor-element-a693dad elementor-section-boxed elementor-section-height-default elementor-section-height-default\" data-id=\"a693dad\" data-element_type=\"section\">\n\t\t\t\t\t\t<div class=\"elementor-container elementor-column-gap-default\">\n\t\t\t\t\t<div class=\"elementor-column elementor-col-100 elementor-top-column elementor-element elementor-element-a1673e5\" data-id=\"a1673e5\" data-element_type=\"column\">\n\t\t\t<div class=\"elementor-widget-wrap elementor-element-populated\">\n\t\t\t\t\t\t<div class=\"elementor-element elementor-element-4fdac58 elementor-widget elementor-widget-spacer\" data-id=\"4fdac58\" data-element_type=\"widget\" data-widget_type=\"spacer.default\">\n\t\t\t\t<div class=\"elementor-widget-container\">\n\t\t\t\t\t\t\t<div class=\"elementor-spacer\">\n\t\t\t<div class=\"elementor-spacer-inner\"><\/div>\n\t\t<\/div>\n\t\t\t\t\t\t<\/div>\n\t\t\t\t<\/div>\n\t\t\t\t\t<\/div>\n\t\t<\/div>\n\t\t\t\t\t<\/div>\n\t\t<\/section>\n\t\t\t\t<section class=\"elementor-section elementor-top-section elementor-element elementor-element-64b95d5 elementor-section-boxed elementor-section-height-default elementor-section-height-default\" data-id=\"64b95d5\" data-element_type=\"section\">\n\t\t\t\t\t\t<div class=\"elementor-container elementor-column-gap-default\">\n\t\t\t\t\t<div class=\"elementor-column elementor-col-100 elementor-top-column elementor-element elementor-element-8c0ec87\" data-id=\"8c0ec87\" data-element_type=\"column\">\n\t\t\t<div class=\"elementor-widget-wrap elementor-element-populated\">\n\t\t\t\t\t\t<div class=\"elementor-element elementor-element-4691a81 elementor-widget elementor-widget-heading\" data-id=\"4691a81\" data-element_type=\"widget\" data-widget_type=\"heading.default\">\n\t\t\t\t<div class=\"elementor-widget-container\">\n\t\t\t\t\t<h2 class=\"elementor-heading-title elementor-size-default\">TRAINING<\/h2>\t\t\t\t<\/div>\n\t\t\t\t<\/div>\n\t\t\t\t\t<\/div>\n\t\t<\/div>\n\t\t\t\t\t<\/div>\n\t\t<\/section>\n\t\t\t\t<section class=\"elementor-section elementor-top-section elementor-element elementor-element-17ddb3c elementor-section-boxed elementor-section-height-default elementor-section-height-default\" data-id=\"17ddb3c\" data-element_type=\"section\">\n\t\t\t\t\t\t<div class=\"elementor-container elementor-column-gap-default\">\n\t\t\t\t\t<div class=\"elementor-column elementor-col-100 elementor-top-column elementor-element elementor-element-58c6b4ff\" data-id=\"58c6b4ff\" data-element_type=\"column\">\n\t\t\t<div class=\"elementor-widget-wrap elementor-element-populated\">\n\t\t\t\t\t\t<div class=\"elementor-element elementor-element-a546294 elementor-widget elementor-widget-spacer\" data-id=\"a546294\" data-element_type=\"widget\" data-widget_type=\"spacer.default\">\n\t\t\t\t<div class=\"elementor-widget-container\">\n\t\t\t\t\t\t\t<div class=\"elementor-spacer\">\n\t\t\t<div class=\"elementor-spacer-inner\"><\/div>\n\t\t<\/div>\n\t\t\t\t\t\t<\/div>\n\t\t\t\t<\/div>\n\t\t\t\t<div class=\"elementor-element elementor-element-4b144a29 elementor-widget elementor-widget-text-editor\" data-id=\"4b144a29\" data-element_type=\"widget\" data-widget_type=\"text-editor.default\">\n\t\t\t\t<div class=\"elementor-widget-container\">\n\t\t\t\t\t\t\t\t\t<p>The human factor is crucial to the success of your Business Model. Skills matching, change management and the acquisition of key know-how contribute to successful development and improved return on investment.<\/p>\n<p><!-- \/wp:paragraph --><!-- wp:paragraph --><\/p>\n<p>Le domaine de comp\u00e9tence de notre soci\u00e9t\u00e9 nous permet de proposer \u00e0 vos \u00e9quipes deux grandes familles de formations\u00a0:<\/p>\n<p><!-- \/wp:paragraph --><!-- wp:list --><\/p>\n<ul>\n<li>Communication professionnelle\u00a0: construire des outils de vente efficaces, les utiliser dans le face \u00e0 face client, faire des pr\u00e9sentations percutantes, prospecter par t\u00e9l\u00e9phone\u2026<\/li>\n<li>Marketing op\u00e9rationnel\u00a0: utiliser le CRM, construire sa base client, concevoir une campagne produit \/ march\u00e9, exploiter les leads, traiter les demandes atypiques\u2026<\/li>\n<\/ul>\n<p><!-- \/wp:list --><!-- wp:paragraph --><\/p>\n<p>Inscrivez vous \u00e0 notre programme de formation dans les rubriques\u00a0<a href=\"https:\/\/techfizz-bc.com\/en\/programme-formation\/\" target=\"_blank\" rel=\"noopener\">PROGRAM<\/a>\u00a0et\u00a0<a href=\"https:\/\/techfizz-bc.com\/en\/calendrier-formation\/\" target=\"_blank\" rel=\"noopener\">CALENDAR<\/a>.\u00a0<\/p>\n<p><!-- \/wp:paragraph --><\/p>\t\t\t\t\t\t\t\t<\/div>\n\t\t\t\t<\/div>\n\t\t\t\t<div class=\"elementor-element elementor-element-d651236 elementor-widget elementor-widget-spacer\" data-id=\"d651236\" data-element_type=\"widget\" data-widget_type=\"spacer.default\">\n\t\t\t\t<div class=\"elementor-widget-container\">\n\t\t\t\t\t\t\t<div class=\"elementor-spacer\">\n\t\t\t<div class=\"elementor-spacer-inner\"><\/div>\n\t\t<\/div>\n\t\t\t\t\t\t<\/div>\n\t\t\t\t<\/div>\n\t\t\t\t\t<\/div>\n\t\t<\/div>\n\t\t\t\t\t<\/div>\n\t\t<\/section>\n\t\t\t\t<section class=\"elementor-section elementor-top-section elementor-element elementor-element-f8a2214 elementor-section-boxed elementor-section-height-default elementor-section-height-default\" data-id=\"f8a2214\" data-element_type=\"section\">\n\t\t\t\t\t\t<div class=\"elementor-container elementor-column-gap-default\">\n\t\t\t\t\t<div class=\"elementor-column elementor-col-100 elementor-top-column elementor-element elementor-element-9a95f18\" data-id=\"9a95f18\" data-element_type=\"column\">\n\t\t\t<div class=\"elementor-widget-wrap elementor-element-populated\">\n\t\t\t\t\t\t<div class=\"elementor-element elementor-element-b833181 elementor-widget elementor-widget-spacer\" data-id=\"b833181\" data-element_type=\"widget\" data-widget_type=\"spacer.default\">\n\t\t\t\t<div class=\"elementor-widget-container\">\n\t\t\t\t\t\t\t<div class=\"elementor-spacer\">\n\t\t\t<div class=\"elementor-spacer-inner\"><\/div>\n\t\t<\/div>\n\t\t\t\t\t\t<\/div>\n\t\t\t\t<\/div>\n\t\t\t\t\t<\/div>\n\t\t<\/div>\n\t\t\t\t\t<\/div>\n\t\t<\/section>\n\t\t\t\t<section class=\"elementor-section elementor-top-section elementor-element elementor-element-219ebf9 animated-slow elementor-section-boxed elementor-section-height-default elementor-section-height-default elementor-invisible\" data-id=\"219ebf9\" data-element_type=\"section\" data-settings=\"{&quot;animation&quot;:&quot;fadeIn&quot;}\">\n\t\t\t\t\t\t<div class=\"elementor-container elementor-column-gap-default\">\n\t\t\t\t\t<div class=\"elementor-column elementor-col-33 elementor-top-column elementor-element elementor-element-f4deeb9\" data-id=\"f4deeb9\" data-element_type=\"column\">\n\t\t\t<div class=\"elementor-widget-wrap elementor-element-populated\">\n\t\t\t\t\t\t<div class=\"elementor-element elementor-element-5619400 elementor-widget elementor-widget-image\" data-id=\"5619400\" data-element_type=\"widget\" data-settings=\"{&quot;_animation&quot;:&quot;none&quot;}\" data-widget_type=\"image.default\">\n\t\t\t\t<div class=\"elementor-widget-container\">\n\t\t\t\t\t\t\t\t\t\t\t\t\t\t\t\t<a href=\"https:\/\/techfizz-bc.com\/en\/programme-formation\/\">\n\t\t\t\t\t\t\t<img fetchpriority=\"high\" decoding=\"async\" width=\"640\" height=\"512\" src=\"https:\/\/techfizz-bc.com\/wp-content\/uploads\/2022\/11\/PROGRAMME-1024x819.png\" class=\"elementor-animation-grow attachment-large size-large wp-image-77551\" alt=\"\" srcset=\"https:\/\/techfizz-bc.com\/wp-content\/uploads\/2022\/11\/PROGRAMME-1024x819.png 1024w, https:\/\/techfizz-bc.com\/wp-content\/uploads\/2022\/11\/PROGRAMME-1200x960.png 1200w, https:\/\/techfizz-bc.com\/wp-content\/uploads\/2022\/11\/PROGRAMME-300x240.png 300w, https:\/\/techfizz-bc.com\/wp-content\/uploads\/2022\/11\/PROGRAMME-768x614.png 768w, https:\/\/techfizz-bc.com\/wp-content\/uploads\/2022\/11\/PROGRAMME-1536x1229.png 1536w, https:\/\/techfizz-bc.com\/wp-content\/uploads\/2022\/11\/PROGRAMME.png 2000w\" sizes=\"(max-width: 640px) 100vw, 640px\" \/>\t\t\t\t\t\t\t\t<\/a>\n\t\t\t\t\t\t\t\t\t\t\t\t\t\t\t<\/div>\n\t\t\t\t<\/div>\n\t\t\t\t\t<\/div>\n\t\t<\/div>\n\t\t\t\t<div class=\"elementor-column elementor-col-33 elementor-top-column elementor-element elementor-element-325de99\" data-id=\"325de99\" data-element_type=\"column\">\n\t\t\t<div class=\"elementor-widget-wrap elementor-element-populated\">\n\t\t\t\t\t\t<div class=\"elementor-element elementor-element-48c07af elementor-widget elementor-widget-image\" data-id=\"48c07af\" data-element_type=\"widget\" data-widget_type=\"image.default\">\n\t\t\t\t<div class=\"elementor-widget-container\">\n\t\t\t\t\t\t\t\t\t\t\t\t\t\t\t\t<a href=\"https:\/\/techfizz-bc.com\/en\/calendrier-formation\/\">\n\t\t\t\t\t\t\t<img decoding=\"async\" width=\"640\" height=\"512\" src=\"https:\/\/techfizz-bc.com\/wp-content\/uploads\/2022\/11\/CALANDRIER-1024x819.png\" class=\"elementor-animation-grow attachment-large size-large wp-image-77552\" alt=\"\" srcset=\"https:\/\/techfizz-bc.com\/wp-content\/uploads\/2022\/11\/CALANDRIER-1024x819.png 1024w, https:\/\/techfizz-bc.com\/wp-content\/uploads\/2022\/11\/CALANDRIER-1200x960.png 1200w, https:\/\/techfizz-bc.com\/wp-content\/uploads\/2022\/11\/CALANDRIER-300x240.png 300w, https:\/\/techfizz-bc.com\/wp-content\/uploads\/2022\/11\/CALANDRIER-768x614.png 768w, https:\/\/techfizz-bc.com\/wp-content\/uploads\/2022\/11\/CALANDRIER-1536x1229.png 1536w, https:\/\/techfizz-bc.com\/wp-content\/uploads\/2022\/11\/CALANDRIER.png 2000w\" sizes=\"(max-width: 640px) 100vw, 640px\" \/>\t\t\t\t\t\t\t\t<\/a>\n\t\t\t\t\t\t\t\t\t\t\t\t\t\t\t<\/div>\n\t\t\t\t<\/div>\n\t\t\t\t\t<\/div>\n\t\t<\/div>\n\t\t\t\t<div class=\"elementor-column elementor-col-33 elementor-top-column elementor-element elementor-element-4206a91\" data-id=\"4206a91\" data-element_type=\"column\">\n\t\t\t<div class=\"elementor-widget-wrap elementor-element-populated\">\n\t\t\t\t\t\t<div class=\"elementor-element elementor-element-47564b1 elementor-widget elementor-widget-image\" data-id=\"47564b1\" data-element_type=\"widget\" data-widget_type=\"image.default\">\n\t\t\t\t<div class=\"elementor-widget-container\">\n\t\t\t\t\t\t\t\t\t\t\t\t\t\t\t<img decoding=\"async\" width=\"640\" height=\"512\" src=\"https:\/\/techfizz-bc.com\/wp-content\/uploads\/2022\/11\/INSCRIPTION-1024x819.png\" class=\"elementor-animation-grow attachment-large size-large wp-image-77554\" alt=\"\" srcset=\"https:\/\/techfizz-bc.com\/wp-content\/uploads\/2022\/11\/INSCRIPTION-1024x819.png 1024w, https:\/\/techfizz-bc.com\/wp-content\/uploads\/2022\/11\/INSCRIPTION-1200x960.png 1200w, https:\/\/techfizz-bc.com\/wp-content\/uploads\/2022\/11\/INSCRIPTION-300x240.png 300w, https:\/\/techfizz-bc.com\/wp-content\/uploads\/2022\/11\/INSCRIPTION-768x614.png 768w, https:\/\/techfizz-bc.com\/wp-content\/uploads\/2022\/11\/INSCRIPTION-1536x1229.png 1536w, https:\/\/techfizz-bc.com\/wp-content\/uploads\/2022\/11\/INSCRIPTION.png 2000w\" sizes=\"(max-width: 640px) 100vw, 640px\" \/>\t\t\t\t\t\t\t\t\t\t\t\t\t\t\t<\/div>\n\t\t\t\t<\/div>\n\t\t\t\t\t<\/div>\n\t\t<\/div>\n\t\t\t\t\t<\/div>\n\t\t<\/section>\n\t\t\t\t<section class=\"elementor-section elementor-top-section elementor-element elementor-element-36060da elementor-section-boxed elementor-section-height-default elementor-section-height-default\" data-id=\"36060da\" data-element_type=\"section\">\n\t\t\t\t\t\t<div class=\"elementor-container elementor-column-gap-default\">\n\t\t\t\t\t<div class=\"elementor-column elementor-col-33 elementor-top-column elementor-element elementor-element-2d7e68d\" data-id=\"2d7e68d\" data-element_type=\"column\">\n\t\t\t<div class=\"elementor-widget-wrap elementor-element-populated\">\n\t\t\t\t\t\t<div class=\"elementor-element elementor-element-6671cdd elementor-widget elementor-widget-heading\" data-id=\"6671cdd\" data-element_type=\"widget\" data-widget_type=\"heading.default\">\n\t\t\t\t<div class=\"elementor-widget-container\">\n\t\t\t\t\t<h2 class=\"elementor-heading-title elementor-size-default\"><a href=\"https:\/\/techfizz-bc.com\/en\/programme-formation\/\">PROGRAM<\/a><\/h2>\t\t\t\t<\/div>\n\t\t\t\t<\/div>\n\t\t\t\t<div class=\"elementor-element elementor-element-cb11043 elementor-widget elementor-widget-spacer\" data-id=\"cb11043\" data-element_type=\"widget\" data-widget_type=\"spacer.default\">\n\t\t\t\t<div class=\"elementor-widget-container\">\n\t\t\t\t\t\t\t<div class=\"elementor-spacer\">\n\t\t\t<div class=\"elementor-spacer-inner\"><\/div>\n\t\t<\/div>\n\t\t\t\t\t\t<\/div>\n\t\t\t\t<\/div>\n\t\t\t\t<div class=\"elementor-element elementor-element-bddb8ac elementor-widget elementor-widget-text-editor\" data-id=\"bddb8ac\" data-element_type=\"widget\" data-widget_type=\"text-editor.default\">\n\t\t\t\t<div class=\"elementor-widget-container\">\n\t\t\t\t\t\t\t\t\t<p>Find here the content of each of our trainings by audience and by theme\u00a0<\/p>\t\t\t\t\t\t\t\t<\/div>\n\t\t\t\t<\/div>\n\t\t\t\t\t<\/div>\n\t\t<\/div>\n\t\t\t\t<div class=\"elementor-column elementor-col-33 elementor-top-column elementor-element elementor-element-37e1157\" data-id=\"37e1157\" data-element_type=\"column\">\n\t\t\t<div class=\"elementor-widget-wrap elementor-element-populated\">\n\t\t\t\t\t\t<div class=\"elementor-element elementor-element-c83f120 elementor-widget elementor-widget-heading\" data-id=\"c83f120\" data-element_type=\"widget\" data-widget_type=\"heading.default\">\n\t\t\t\t<div class=\"elementor-widget-container\">\n\t\t\t\t\t<h2 class=\"elementor-heading-title elementor-size-default\">CALENDAR<\/h2>\t\t\t\t<\/div>\n\t\t\t\t<\/div>\n\t\t\t\t<div class=\"elementor-element elementor-element-68e0521 elementor-widget elementor-widget-spacer\" data-id=\"68e0521\" data-element_type=\"widget\" data-widget_type=\"spacer.default\">\n\t\t\t\t<div class=\"elementor-widget-container\">\n\t\t\t\t\t\t\t<div class=\"elementor-spacer\">\n\t\t\t<div class=\"elementor-spacer-inner\"><\/div>\n\t\t<\/div>\n\t\t\t\t\t\t<\/div>\n\t\t\t\t<\/div>\n\t\t\t\t<div class=\"elementor-element elementor-element-cb0d5bc elementor-widget elementor-widget-text-editor\" data-id=\"cb0d5bc\" data-element_type=\"widget\" data-widget_type=\"text-editor.default\">\n\t\t\t\t<div class=\"elementor-widget-container\">\n\t\t\t\t\t\t\t\t\t<p>Our offer of inter-company training for 2023<\/p>\t\t\t\t\t\t\t\t<\/div>\n\t\t\t\t<\/div>\n\t\t\t\t\t<\/div>\n\t\t<\/div>\n\t\t\t\t<div class=\"elementor-column elementor-col-33 elementor-top-column elementor-element elementor-element-10eec23\" data-id=\"10eec23\" data-element_type=\"column\">\n\t\t\t<div class=\"elementor-widget-wrap elementor-element-populated\">\n\t\t\t\t\t\t<div class=\"elementor-element elementor-element-e8d85bd elementor-widget elementor-widget-heading\" data-id=\"e8d85bd\" data-element_type=\"widget\" data-widget_type=\"heading.default\">\n\t\t\t\t<div class=\"elementor-widget-container\">\n\t\t\t\t\t<h2 class=\"elementor-heading-title elementor-size-default\">INSCRIPTION<\/h2>\t\t\t\t<\/div>\n\t\t\t\t<\/div>\n\t\t\t\t<div class=\"elementor-element elementor-element-48ba63d elementor-widget elementor-widget-spacer\" data-id=\"48ba63d\" data-element_type=\"widget\" data-widget_type=\"spacer.default\">\n\t\t\t\t<div class=\"elementor-widget-container\">\n\t\t\t\t\t\t\t<div class=\"elementor-spacer\">\n\t\t\t<div class=\"elementor-spacer-inner\"><\/div>\n\t\t<\/div>\n\t\t\t\t\t\t<\/div>\n\t\t\t\t<\/div>\n\t\t\t\t<div class=\"elementor-element elementor-element-88b27a2 elementor-widget elementor-widget-text-editor\" data-id=\"88b27a2\" data-element_type=\"widget\" data-widget_type=\"text-editor.default\">\n\t\t\t\t<div class=\"elementor-widget-container\">\n\t\t\t\t\t\t\t\t\t<p>Go directly to the booking form to get your personalized offer<\/p>\t\t\t\t\t\t\t\t<\/div>\n\t\t\t\t<\/div>\n\t\t\t\t\t<\/div>\n\t\t<\/div>\n\t\t\t\t\t<\/div>\n\t\t<\/section>\n\t\t\t\t<section class=\"elementor-section elementor-top-section elementor-element elementor-element-2aa0c7c elementor-section-boxed elementor-section-height-default elementor-section-height-default\" data-id=\"2aa0c7c\" data-element_type=\"section\">\n\t\t\t\t\t\t<div class=\"elementor-container elementor-column-gap-default\">\n\t\t\t\t\t<div class=\"elementor-column elementor-col-33 elementor-top-column elementor-element elementor-element-4a72ff0\" data-id=\"4a72ff0\" data-element_type=\"column\">\n\t\t\t<div class=\"elementor-widget-wrap\">\n\t\t\t\t\t\t\t<\/div>\n\t\t<\/div>\n\t\t\t\t<div class=\"elementor-column elementor-col-33 elementor-top-column elementor-element elementor-element-a1b1a18\" data-id=\"a1b1a18\" data-element_type=\"column\">\n\t\t\t<div class=\"elementor-widget-wrap\">\n\t\t\t\t\t\t\t<\/div>\n\t\t<\/div>\n\t\t\t\t<div class=\"elementor-column elementor-col-33 elementor-top-column elementor-element elementor-element-6098beb\" data-id=\"6098beb\" data-element_type=\"column\">\n\t\t\t<div class=\"elementor-widget-wrap\">\n\t\t\t\t\t\t\t<\/div>\n\t\t<\/div>\n\t\t\t\t\t<\/div>\n\t\t<\/section>\n\t\t\t\t<section class=\"elementor-section elementor-top-section elementor-element elementor-element-d3caf36 elementor-section-boxed elementor-section-height-default elementor-section-height-default\" data-id=\"d3caf36\" data-element_type=\"section\">\n\t\t\t\t\t\t<div class=\"elementor-container elementor-column-gap-default\">\n\t\t\t\t\t<div class=\"elementor-column elementor-col-100 elementor-top-column elementor-element elementor-element-2084931\" data-id=\"2084931\" data-element_type=\"column\">\n\t\t\t<div class=\"elementor-widget-wrap elementor-element-populated\">\n\t\t\t\t\t\t<div class=\"elementor-element elementor-element-6e2ea3a elementor-widget elementor-widget-spacer\" data-id=\"6e2ea3a\" data-element_type=\"widget\" data-widget_type=\"spacer.default\">\n\t\t\t\t<div class=\"elementor-widget-container\">\n\t\t\t\t\t\t\t<div class=\"elementor-spacer\">\n\t\t\t<div class=\"elementor-spacer-inner\"><\/div>\n\t\t<\/div>\n\t\t\t\t\t\t<\/div>\n\t\t\t\t<\/div>\n\t\t\t\t\t<\/div>\n\t\t<\/div>\n\t\t\t\t\t<\/div>\n\t\t<\/section>\n\t\t\t\t<\/div>","protected":false},"excerpt":{"rendered":"<p>FORMATION Le facteur humain est d\u00e9terminant pour assurer la r\u00e9ussite de votre Business Mod\u00e8le. L\u2019ad\u00e9quation des comp\u00e9tences, la conduite du changement et l\u2019acquisition des savoir-faire cl\u00e9s contribuent \u00e0 la r\u00e9ussite du d\u00e9veloppement et \u00e0 une am\u00e9lioration du retour sur investissement. Le domaine de comp\u00e9tence de notre soci\u00e9t\u00e9 nous permet de proposer \u00e0 vos \u00e9quipes deux [&hellip;]<\/p>","protected":false},"author":1,"featured_media":0,"parent":0,"menu_order":0,"comment_status":"closed","ping_status":"closed","template":"","meta":{"footnotes":""},"class_list":["post-81","page","type-page","status-publish","hentry"],"_links":{"self":[{"href":"https:\/\/techfizz-bc.com\/en\/wp-json\/wp\/v2\/pages\/81","targetHints":{"allow":["GET"]}}],"collection":[{"href":"https:\/\/techfizz-bc.com\/en\/wp-json\/wp\/v2\/pages"}],"about":[{"href":"https:\/\/techfizz-bc.com\/en\/wp-json\/wp\/v2\/types\/page"}],"author":[{"embeddable":true,"href":"https:\/\/techfizz-bc.com\/en\/wp-json\/wp\/v2\/users\/1"}],"replies":[{"embeddable":true,"href":"https:\/\/techfizz-bc.com\/en\/wp-json\/wp\/v2\/comments?post=81"}],"version-history":[{"count":144,"href":"https:\/\/techfizz-bc.com\/en\/wp-json\/wp\/v2\/pages\/81\/revisions"}],"predecessor-version":[{"id":79456,"href":"https:\/\/techfizz-bc.com\/en\/wp-json\/wp\/v2\/pages\/81\/revisions\/79456"}],"wp:attachment":[{"href":"https:\/\/techfizz-bc.com\/en\/wp-json\/wp\/v2\/media?parent=81"}],"curies":[{"name":"wp","href":"https:\/\/api.w.org\/{rel}","templated":true}]}}