{"id":79423,"date":"2024-02-12T10:31:11","date_gmt":"2024-02-12T09:31:11","guid":{"rendered":"https:\/\/techfizz-bc.com\/?page_id=79423"},"modified":"2024-03-12T15:58:14","modified_gmt":"2024-03-12T14:58:14","slug":"calendrier-formation","status":"publish","type":"page","link":"https:\/\/techfizz-bc.com\/en\/calendrier-formation\/","title":{"rendered":"CALENDRIER FORMATION"},"content":{"rendered":"<div data-elementor-type=\"wp-page\" data-elementor-id=\"79423\" class=\"elementor elementor-79423\" data-elementor-post-type=\"page\">\n\t\t\t\t\t\t<section class=\"elementor-section elementor-top-section elementor-element elementor-element-2c54023 elementor-section-boxed elementor-section-height-default elementor-section-height-default\" data-id=\"2c54023\" data-element_type=\"section\">\n\t\t\t\t\t\t<div class=\"elementor-container elementor-column-gap-default\">\n\t\t\t\t\t<div class=\"elementor-column elementor-col-50 elementor-top-column elementor-element elementor-element-45c0082\" data-id=\"45c0082\" data-element_type=\"column\">\n\t\t\t<div class=\"elementor-widget-wrap elementor-element-populated\">\n\t\t\t\t\t\t<div class=\"elementor-element elementor-element-0a0d0b5 elementor-widget elementor-widget-image\" data-id=\"0a0d0b5\" data-element_type=\"widget\" data-widget_type=\"image.default\">\n\t\t\t\t<div class=\"elementor-widget-container\">\n\t\t\t\t\t\t\t\t\t\t\t\t\t\t\t<img fetchpriority=\"high\" decoding=\"async\" width=\"640\" height=\"512\" src=\"https:\/\/techfizz-bc.com\/wp-content\/uploads\/2022\/11\/CALANDRIER-1024x819.png\" class=\"attachment-large size-large wp-image-77552\" alt=\"\" srcset=\"https:\/\/techfizz-bc.com\/wp-content\/uploads\/2022\/11\/CALANDRIER-1024x819.png 1024w, https:\/\/techfizz-bc.com\/wp-content\/uploads\/2022\/11\/CALANDRIER-1200x960.png 1200w, https:\/\/techfizz-bc.com\/wp-content\/uploads\/2022\/11\/CALANDRIER-300x240.png 300w, https:\/\/techfizz-bc.com\/wp-content\/uploads\/2022\/11\/CALANDRIER-768x614.png 768w, https:\/\/techfizz-bc.com\/wp-content\/uploads\/2022\/11\/CALANDRIER-1536x1229.png 1536w, https:\/\/techfizz-bc.com\/wp-content\/uploads\/2022\/11\/CALANDRIER.png 2000w\" sizes=\"(max-width: 640px) 100vw, 640px\" \/>\t\t\t\t\t\t\t\t\t\t\t\t\t\t\t<\/div>\n\t\t\t\t<\/div>\n\t\t\t\t\t<\/div>\n\t\t<\/div>\n\t\t\t\t<div class=\"elementor-column elementor-col-50 elementor-top-column elementor-element elementor-element-6f517d3\" data-id=\"6f517d3\" data-element_type=\"column\">\n\t\t\t<div class=\"elementor-widget-wrap elementor-element-populated\">\n\t\t\t\t\t\t<div class=\"elementor-element elementor-element-0602ae5 elementor-widget elementor-widget-heading\" data-id=\"0602ae5\" data-element_type=\"widget\" data-widget_type=\"heading.default\">\n\t\t\t\t<div class=\"elementor-widget-container\">\n\t\t\t\t\t<h2 class=\"elementor-heading-title elementor-size-default\">CALENDRIER DE FORMATION<\/h2>\t\t\t\t<\/div>\n\t\t\t\t<\/div>\n\t\t\t\t<div class=\"elementor-element elementor-element-f45c048 elementor-widget elementor-widget-spacer\" data-id=\"f45c048\" data-element_type=\"widget\" data-widget_type=\"spacer.default\">\n\t\t\t\t<div class=\"elementor-widget-container\">\n\t\t\t\t\t\t\t<div class=\"elementor-spacer\">\n\t\t\t<div class=\"elementor-spacer-inner\"><\/div>\n\t\t<\/div>\n\t\t\t\t\t\t<\/div>\n\t\t\t\t<\/div>\n\t\t\t\t<div class=\"elementor-element elementor-element-e0f0a87 elementor-widget elementor-widget-text-editor\" data-id=\"e0f0a87\" data-element_type=\"widget\" data-widget_type=\"text-editor.default\">\n\t\t\t\t<div class=\"elementor-widget-container\">\n\t\t\t\t\t\t\t\t\t<p><span style=\"font-family: Poppins; background-image: initial; background-position: initial; background-size: initial; background-repeat: initial; background-attachment: initial; background-origin: initial; background-clip: initial;\">Ne manquez pas nos formations !<\/span><\/p><p><span style=\"font-family: Poppins;\">Retrouvez notre calendrier de formations pour d\u00e9couvrir les prochains \u00e9v\u00e9nements \u00e0 ne pas rater. D\u00e9veloppez vos comp\u00e9tences avec des sessions interactives anim\u00e9es par des experts de premier plan. Consultez le calendrier d\u00e8s maintenant et r\u00e9servez votre place pour progresser dans votre carri\u00e8re.<\/span><\/p>\t\t\t\t\t\t\t\t<\/div>\n\t\t\t\t<\/div>\n\t\t\t\t<div class=\"elementor-element elementor-element-923f11e elementor-widget elementor-widget-heading\" data-id=\"923f11e\" data-element_type=\"widget\" data-widget_type=\"heading.default\">\n\t\t\t\t<div class=\"elementor-widget-container\">\n\t\t\t\t\t<h2 class=\"elementor-heading-title elementor-size-default\">DATES DE FORMATIONS<\/h2>\t\t\t\t<\/div>\n\t\t\t\t<\/div>\n\t\t\t\t<div class=\"elementor-element elementor-element-ca8646e elementor-widget elementor-widget-spacer\" data-id=\"ca8646e\" data-element_type=\"widget\" data-widget_type=\"spacer.default\">\n\t\t\t\t<div class=\"elementor-widget-container\">\n\t\t\t\t\t\t\t<div class=\"elementor-spacer\">\n\t\t\t<div class=\"elementor-spacer-inner\"><\/div>\n\t\t<\/div>\n\t\t\t\t\t\t<\/div>\n\t\t\t\t<\/div>\n\t\t\t\t<div class=\"elementor-element elementor-element-3f8269e elementor-widget elementor-widget-text-editor\" data-id=\"3f8269e\" data-element_type=\"widget\" data-widget_type=\"text-editor.default\">\n\t\t\t\t<div class=\"elementor-widget-container\">\n\t\t\t\t\t\t\t\t\t<h3><strong><span style=\"text-decoration: underline;\">Communication professionnelle\u00a0<\/span><\/strong><\/h3>\t\t\t\t\t\t\t\t<\/div>\n\t\t\t\t<\/div>\n\t\t\t\t<div class=\"elementor-element elementor-element-b9e41de elementor-widget elementor-widget-spacer\" data-id=\"b9e41de\" data-element_type=\"widget\" data-widget_type=\"spacer.default\">\n\t\t\t\t<div class=\"elementor-widget-container\">\n\t\t\t\t\t\t\t<div class=\"elementor-spacer\">\n\t\t\t<div class=\"elementor-spacer-inner\"><\/div>\n\t\t<\/div>\n\t\t\t\t\t\t<\/div>\n\t\t\t\t<\/div>\n\t\t\t\t<div class=\"elementor-element elementor-element-e533fd2 elementor-widget elementor-widget-text-editor\" data-id=\"e533fd2\" data-element_type=\"widget\" data-widget_type=\"text-editor.default\">\n\t\t\t\t<div class=\"elementor-widget-container\">\n\t\t\t\t\t\t\t\t\t<div class=\"elementor-element elementor-element-299272b elementor-widget elementor-widget-heading\" style=\"flex-basis: var(--flex-basis); flex-grow: var(--flex-grow); flex-shrink: var(--flex-shrink); order: var(--order); align-self: var(--align-self); flex-direction: var(--flex-direction); flex-wrap: var(--flex-wrap); justify-content: var(--justify-content); align-items: var(--align-items); align-content: var(--align-content); gap: var(--gap); --swiper-theme-color: #000; --swiper-navigation-size: 44px; --swiper-pagination-bullet-size: 6px; --swiper-pagination-bullet-horizontal-gap: 6px; --widgets-spacing: 0px 0px; width: 620px;\" data-id=\"299272b\" data-element_type=\"widget\" data-widget_type=\"heading.default\">\n<div class=\"elementor-widget-container\" style=\"transition: background .3s,border .3s,border-radius .3s,box-shadow .3s,transform var(--e-transform-transition-duration,.4s);\">\n<h5 class=\"elementor-heading-title elementor-size-default\" style=\"color: rgba(0, 0, 0, 0.97); -webkit-text-stroke-color: #000000; stroke: #000000; text-shadow: #1a336b 16px 6px 16px;\">Communiquer et prendre la parole en public :<\/h5>\n<div>&nbsp;<\/div>\n<\/div>\n<\/div>\n<div class=\"elementor-element elementor-element-83507ab elementor-widget elementor-widget-text-editor\" style=\"flex-basis: var(--flex-basis); flex-grow: var(--flex-grow); flex-shrink: var(--flex-shrink); order: var(--order); align-self: var(--align-self); flex-direction: var(--flex-direction); flex-wrap: var(--flex-wrap); justify-content: var(--justify-content); align-items: var(--align-items); align-content: var(--align-content); gap: var(--gap); --swiper-theme-color: #000; --swiper-navigation-size: 44px; --swiper-pagination-bullet-size: 6px; --swiper-pagination-bullet-horizontal-gap: 6px; --widgets-spacing: 0px 0px; width: 620px;\" data-id=\"83507ab\" data-element_type=\"widget\" data-widget_type=\"text-editor.default\">\n<div class=\"elementor-widget-container\" style=\"transition: background .3s,border .3s,border-radius .3s,box-shadow .3s,transform var(--e-transform-transition-duration,.4s);\">\n<ul type=\"disc\">\n<li class=\"MsoNormal\" style=\"line-height: normal; background-image: initial; background-position: initial; background-size: initial; background-repeat: initial; background-attachment: initial; background-origin: initial; background-clip: initial;\"><a href=\"https:\/\/techfizz-bc.com\/en\/product\/formation-communiquer-et-prendre-la-parole-en-public_2024-3\/\" target=\"_blank\" rel=\"noopener\" style=\"font-family: &quot;Noto Sans&quot;, sans-serif; font-size: 14pt; background-color: rgb(238, 238, 238);\">3 j \u2013 22-23-24\/04\/2024<\/a><\/li>\n<li style=\"line-height: normal; background-image: initial; background-position: initial; background-size: initial; background-repeat: initial; background-attachment: initial; background-origin: initial; background-clip: initial;\"><a href=\"https:\/\/techfizz-bc.com\/en\/product\/formation-commun\u202627-28-29-05-2024\/\" target=\"_blank\" rel=\"noopener\">3 j \u2013 27-28-29\/05\/2024&nbsp;<\/a><\/li>\n<li style=\"line-height: normal; background-image: initial; background-position: initial; background-size: initial; background-repeat: initial; background-attachment: initial; background-origin: initial; background-clip: initial;\"><a style=\"background-color: #eeeeee; font-family: 'Noto Sans', sans-serif; font-size: 14pt;\" href=\"https:\/\/techfizz-bc.com\/en\/product\/formation-commun\u202624-25-26-06-2024\/\">3 j \u2013 24-25-26\/06\/2024<\/a><\/li>\n<\/ul>\n<\/div>\n<\/div>\t\t\t\t\t\t\t\t<\/div>\n\t\t\t\t<\/div>\n\t\t\t\t\t<\/div>\n\t\t<\/div>\n\t\t\t\t\t<\/div>\n\t\t<\/section>\n\t\t\t\t<section class=\"elementor-section elementor-top-section elementor-element elementor-element-35a54fe elementor-section-boxed elementor-section-height-default elementor-section-height-default\" data-id=\"35a54fe\" data-element_type=\"section\">\n\t\t\t\t\t\t<div class=\"elementor-container elementor-column-gap-default\">\n\t\t\t\t\t<div class=\"elementor-column elementor-col-100 elementor-top-column elementor-element elementor-element-a1f2fd7\" data-id=\"a1f2fd7\" data-element_type=\"column\">\n\t\t\t<div class=\"elementor-widget-wrap elementor-element-populated\">\n\t\t\t\t\t\t<div class=\"elementor-element elementor-element-876c7c7 elementor-widget elementor-widget-text-editor\" data-id=\"876c7c7\" data-element_type=\"widget\" data-widget_type=\"text-editor.default\">\n\t\t\t\t<div class=\"elementor-widget-container\">\n\t\t\t\t\t\t\t\t\t<section style=\"flex-basis: var(--flex-basis); flex-grow: var(--flex-grow); flex-shrink: var(--flex-shrink); order: var(--order); align-self: var(--align-self); --swiper-theme-color: #000; --swiper-navigation-size: 44px; --swiper-pagination-bullet-size: 6px; --swiper-pagination-bullet-horizontal-gap: 6px; --widgets-spacing: 0px 0px;\" data-id=\"f5d9f7e\" data-element_type=\"section\"><div><div style=\"flex-basis: var(--flex-basis); flex-grow: var(--flex-grow); flex-shrink: var(--flex-shrink); order: var(--order); align-self: var(--align-self); --swiper-theme-color: #000; --swiper-navigation-size: 44px; --swiper-pagination-bullet-size: 6px; --swiper-pagination-bullet-horizontal-gap: 6px; --widgets-spacing: 0px 0px; width: 1280px;\" data-id=\"dbceb8f\" data-element_type=\"column\"><div style=\"width: 1280px;\"><div style=\"flex-basis: var(--flex-basis); flex-grow: var(--flex-grow); flex-shrink: var(--flex-shrink); order: var(--order); align-self: var(--align-self); flex-direction: var(--flex-direction); flex-wrap: var(--flex-wrap); justify-content: var(--justify-content); align-items: var(--align-items); align-content: var(--align-content); gap: var(--gap); --swiper-theme-color: #000; --swiper-navigation-size: 44px; --swiper-pagination-bullet-size: 6px; --swiper-pagination-bullet-horizontal-gap: 6px; --widgets-spacing: 0px 0px; width: 1260px;\" data-id=\"ab9f57d\" data-element_type=\"widget\" data-widget_type=\"heading.default\"><div style=\"transition: background .3s,border .3s,border-radius .3s,box-shadow .3s,transform var(--e-transform-transition-duration,.4s);\"><h2 style=\"color: #ffffff; -webkit-text-stroke: 1px #5177ab; stroke-width: 1px; stroke: #5177ab; text-shadow: #2738fe 0px 0px 10px;\">Pour plus d&rsquo;information n&rsquo;h\u00e9sitez pas \u00e0 nous contacter via notre formulaire de contact<\/h2><\/div><\/div><\/div><\/div><\/div><\/section>\t\t\t\t\t\t\t\t<\/div>\n\t\t\t\t<\/div>\n\t\t\t\t\t<\/div>\n\t\t<\/div>\n\t\t\t\t\t<\/div>\n\t\t<\/section>\n\t\t\t\t<section class=\"elementor-section elementor-top-section elementor-element elementor-element-7516089 elementor-section-boxed elementor-section-height-default elementor-section-height-default\" data-id=\"7516089\" data-element_type=\"section\">\n\t\t\t\t\t\t<div class=\"elementor-container elementor-column-gap-default\">\n\t\t\t\t\t<div class=\"elementor-column elementor-col-100 elementor-top-column elementor-element elementor-element-1814902\" data-id=\"1814902\" data-element_type=\"column\">\n\t\t\t<div class=\"elementor-widget-wrap elementor-element-populated\">\n\t\t\t\t\t\t<div class=\"elementor-element elementor-element-86c245e elementor-align-center elementor-widget elementor-widget-button\" data-id=\"86c245e\" data-element_type=\"widget\" data-widget_type=\"button.default\">\n\t\t\t\t<div class=\"elementor-widget-container\">\n\t\t\t\t\t\t\t\t\t<div class=\"elementor-button-wrapper\">\n\t\t\t\t\t<a class=\"elementor-button elementor-button-link elementor-size-sm\" href=\"https:\/\/techfizz-bc.com\/en\/contactez-nous\/\">\n\t\t\t\t\t\t<span class=\"elementor-button-content-wrapper\">\n\t\t\t\t\t\t\t\t\t<span class=\"elementor-button-text\">Contactez nous<\/span>\n\t\t\t\t\t<\/span>\n\t\t\t\t\t<\/a>\n\t\t\t\t<\/div>\n\t\t\t\t\t\t\t\t<\/div>\n\t\t\t\t<\/div>\n\t\t\t\t\t<\/div>\n\t\t<\/div>\n\t\t\t\t\t<\/div>\n\t\t<\/section>\n\t\t\t\t<section class=\"elementor-section elementor-top-section elementor-element elementor-element-6726ebe elementor-section-boxed elementor-section-height-default elementor-section-height-default\" data-id=\"6726ebe\" data-element_type=\"section\">\n\t\t\t\t\t\t<div class=\"elementor-container elementor-column-gap-default\">\n\t\t\t\t\t<div class=\"elementor-column elementor-col-100 elementor-top-column elementor-element elementor-element-07d0175\" data-id=\"07d0175\" data-element_type=\"column\">\n\t\t\t<div class=\"elementor-widget-wrap elementor-element-populated\">\n\t\t\t\t\t\t<div class=\"elementor-element elementor-element-8b07573 elementor-widget elementor-widget-spacer\" data-id=\"8b07573\" data-element_type=\"widget\" data-widget_type=\"spacer.default\">\n\t\t\t\t<div class=\"elementor-widget-container\">\n\t\t\t\t\t\t\t<div class=\"elementor-spacer\">\n\t\t\t<div class=\"elementor-spacer-inner\"><\/div>\n\t\t<\/div>\n\t\t\t\t\t\t<\/div>\n\t\t\t\t<\/div>\n\t\t\t\t\t<\/div>\n\t\t<\/div>\n\t\t\t\t\t<\/div>\n\t\t<\/section>\n\t\t\t\t<\/div>","protected":false},"excerpt":{"rendered":"<p>CALENDRIER DE FORMATION Ne manquez pas nos formations ! Retrouvez notre calendrier de formations pour d\u00e9couvrir les prochains \u00e9v\u00e9nements \u00e0 ne pas rater. D\u00e9veloppez vos comp\u00e9tences avec des sessions interactives anim\u00e9es par des experts de premier plan. Consultez le calendrier d\u00e8s maintenant et r\u00e9servez votre place pour progresser dans votre carri\u00e8re. DATES DE FORMATIONS Communication [&hellip;]<\/p>","protected":false},"author":1,"featured_media":0,"parent":0,"menu_order":0,"comment_status":"closed","ping_status":"closed","template":"","meta":{"footnotes":""},"class_list":["post-79423","page","type-page","status-publish","hentry"],"_links":{"self":[{"href":"https:\/\/techfizz-bc.com\/en\/wp-json\/wp\/v2\/pages\/79423","targetHints":{"allow":["GET"]}}],"collection":[{"href":"https:\/\/techfizz-bc.com\/en\/wp-json\/wp\/v2\/pages"}],"about":[{"href":"https:\/\/techfizz-bc.com\/en\/wp-json\/wp\/v2\/types\/page"}],"author":[{"embeddable":true,"href":"https:\/\/techfizz-bc.com\/en\/wp-json\/wp\/v2\/users\/1"}],"replies":[{"embeddable":true,"href":"https:\/\/techfizz-bc.com\/en\/wp-json\/wp\/v2\/comments?post=79423"}],"version-history":[{"count":26,"href":"https:\/\/techfizz-bc.com\/en\/wp-json\/wp\/v2\/pages\/79423\/revisions"}],"predecessor-version":[{"id":79493,"href":"https:\/\/techfizz-bc.com\/en\/wp-json\/wp\/v2\/pages\/79423\/revisions\/79493"}],"wp:attachment":[{"href":"https:\/\/techfizz-bc.com\/en\/wp-json\/wp\/v2\/media?parent=79423"}],"curies":[{"name":"wp","href":"https:\/\/api.w.org\/{rel}","templated":true}]}}