{"id":79407,"date":"2024-02-02T16:05:07","date_gmt":"2024-02-02T15:05:07","guid":{"rendered":"https:\/\/techfizz-bc.com\/?page_id=79407"},"modified":"2024-03-12T15:57:18","modified_gmt":"2024-03-12T14:57:18","slug":"programme-formation","status":"publish","type":"page","link":"https:\/\/techfizz-bc.com\/en\/programme-formation\/","title":{"rendered":"Programme formation"},"content":{"rendered":"<div data-elementor-type=\"wp-page\" data-elementor-id=\"79407\" class=\"elementor elementor-79407\" data-elementor-post-type=\"page\">\n\t\t\t\t\t\t<section class=\"elementor-section elementor-top-section elementor-element elementor-element-3e99c2b elementor-section-boxed elementor-section-height-default elementor-section-height-default\" data-id=\"3e99c2b\" data-element_type=\"section\">\n\t\t\t\t\t\t<div class=\"elementor-container elementor-column-gap-default\">\n\t\t\t\t\t<div class=\"elementor-column elementor-col-50 elementor-top-column elementor-element elementor-element-29285da\" data-id=\"29285da\" data-element_type=\"column\">\n\t\t\t<div class=\"elementor-widget-wrap elementor-element-populated\">\n\t\t\t\t\t\t<div class=\"elementor-element elementor-element-e75988c elementor-widget elementor-widget-image\" data-id=\"e75988c\" data-element_type=\"widget\" data-widget_type=\"image.default\">\n\t\t\t\t<div class=\"elementor-widget-container\">\n\t\t\t\t\t\t\t\t\t\t\t\t\t\t\t<img fetchpriority=\"high\" decoding=\"async\" width=\"640\" height=\"613\" src=\"https:\/\/techfizz-bc.com\/wp-content\/uploads\/2022\/11\/pexels-rodnae-productions-7647957-1-1024x981.png\" class=\"attachment-large size-large wp-image-2011\" alt=\"\" srcset=\"https:\/\/techfizz-bc.com\/wp-content\/uploads\/2022\/11\/pexels-rodnae-productions-7647957-1-1024x981.png 1024w, https:\/\/techfizz-bc.com\/wp-content\/uploads\/2022\/11\/pexels-rodnae-productions-7647957-1-1200x1150.png 1200w, https:\/\/techfizz-bc.com\/wp-content\/uploads\/2022\/11\/pexels-rodnae-productions-7647957-1-300x287.png 300w, https:\/\/techfizz-bc.com\/wp-content\/uploads\/2022\/11\/pexels-rodnae-productions-7647957-1-768x736.png 768w, https:\/\/techfizz-bc.com\/wp-content\/uploads\/2022\/11\/pexels-rodnae-productions-7647957-1-1536x1472.png 1536w, https:\/\/techfizz-bc.com\/wp-content\/uploads\/2022\/11\/pexels-rodnae-productions-7647957-1-2048x1962.png 2048w\" sizes=\"(max-width: 640px) 100vw, 640px\" \/>\t\t\t\t\t\t\t\t\t\t\t\t\t\t\t<\/div>\n\t\t\t\t<\/div>\n\t\t\t\t\t<\/div>\n\t\t<\/div>\n\t\t\t\t<div class=\"elementor-column elementor-col-50 elementor-top-column elementor-element elementor-element-beb17b5\" data-id=\"beb17b5\" data-element_type=\"column\">\n\t\t\t<div class=\"elementor-widget-wrap elementor-element-populated\">\n\t\t\t\t\t\t<div class=\"elementor-element elementor-element-07b8c56 elementor-widget elementor-widget-heading\" data-id=\"07b8c56\" data-element_type=\"widget\" data-widget_type=\"heading.default\">\n\t\t\t\t<div class=\"elementor-widget-container\">\n\t\t\t\t\t<h2 class=\"elementor-heading-title elementor-size-default\">PROGRAMME FORMATION <\/h2>\t\t\t\t<\/div>\n\t\t\t\t<\/div>\n\t\t\t\t<div class=\"elementor-element elementor-element-282a59c elementor-widget elementor-widget-spacer\" data-id=\"282a59c\" data-element_type=\"widget\" data-widget_type=\"spacer.default\">\n\t\t\t\t<div class=\"elementor-widget-container\">\n\t\t\t\t\t\t\t<div class=\"elementor-spacer\">\n\t\t\t<div class=\"elementor-spacer-inner\"><\/div>\n\t\t<\/div>\n\t\t\t\t\t\t<\/div>\n\t\t\t\t<\/div>\n\t\t\t\t<div class=\"elementor-element elementor-element-97bba6e elementor-widget elementor-widget-text-editor\" data-id=\"97bba6e\" data-element_type=\"widget\" data-widget_type=\"text-editor.default\">\n\t\t\t\t<div class=\"elementor-widget-container\">\n\t\t\t\t\t\t\t\t\t<p class=\"MsoNormal\" style=\"margin-bottom: 15pt; line-height: normal; background-image: initial; background-position: initial; background-size: initial; background-repeat: initial; background-attachment: initial; background-origin: initial; background-clip: initial;\"><span style=\"font-size:13.5pt;font-family:&quot;Noto Sans&quot;,sans-serif; mso-fareast-font-family:&quot;Times New Roman&quot;;color:#555555;letter-spacing:.7pt; mso-font-kerning:0pt;mso-ligatures:none;mso-fareast-language:FR\">Explorez nos formations sp\u00e9cialis\u00e9es en&nbsp;<b>Communication Professionnelle et Marketing Op\u00e9rationnel<\/b>.<\/span><span style=\"font-size: 12pt; font-family: Poppins;\"><o:p><\/o:p><\/span><\/p>\n<p class=\"MsoNormal\" style=\"margin-bottom: 15pt; line-height: normal; background-image: initial; background-position: initial; background-size: initial; background-repeat: initial; background-attachment: initial; background-origin: initial; background-clip: initial;\"><span style=\"font-size:13.5pt;font-family:&quot;Noto Sans&quot;,sans-serif; mso-fareast-font-family:&quot;Times New Roman&quot;;color:#555555;letter-spacing:.7pt; mso-font-kerning:0pt;mso-ligatures:none;mso-fareast-language:FR\">Nous sommes d\u00e9termin\u00e9s \u00e0 vous aider \u00e0 d\u00e9velopper les comp\u00e9tences essentielles pour r\u00e9ussir dans ces domaines dynamiques et en constante \u00e9volution.<br><!--[endif]--><\/span><span style=\"font-size: 12pt; font-family: Poppins;\"><o:p><\/o:p><\/span><\/p>\n<p class=\"MsoNormal\" style=\"margin-bottom: 15pt; line-height: normal; background-image: initial; background-position: initial; background-size: initial; background-repeat: initial; background-attachment: initial; background-origin: initial; background-clip: initial;\"><span style=\"font-size:13.5pt;font-family:&quot;Noto Sans&quot;,sans-serif; mso-fareast-font-family:&quot;Times New Roman&quot;;color:#555555;letter-spacing:.7pt; mso-font-kerning:0pt;mso-ligatures:none;mso-fareast-language:FR\">The area of expertise of our company allows us to offer your teams two large families of training:<\/span><\/p>\n<ul type=\"disc\">\n<li class=\"MsoNormal\" style=\"color: rgb(85, 85, 85); line-height: normal; background-image: initial; background-position: initial; background-size: initial; background-repeat: initial; background-attachment: initial; background-origin: initial; background-clip: initial;\"><b><span style=\"font-size:13.5pt;font-family:&quot;Noto Sans&quot;,sans-serif; mso-fareast-font-family:&quot;Times New Roman&quot;;letter-spacing:.7pt;mso-font-kerning: 0pt;mso-ligatures:none;mso-fareast-language:FR\">Communication professionnelle&nbsp;:<\/span><\/b><span style=\"font-size:13.5pt;font-family: &quot;Noto Sans&quot;,sans-serif;mso-fareast-font-family:&quot;Times New Roman&quot;; letter-spacing:.7pt;mso-font-kerning:0pt;mso-ligatures:none;mso-fareast-language: FR\">&nbsp;construire des outils de vente efficaces, les utiliser dans le face \u00e0 face client, faire des pr\u00e9sentations percutantes, prospecter par<br>     t\u00e9l\u00e9phone\u2026<o:p><\/o:p><\/span><\/li>\n<\/ul>\n<ul type=\"disc\">\n<li class=\"MsoNormal\" style=\"color: rgb(85, 85, 85); line-height: normal; background-image: initial; background-position: initial; background-size: initial; background-repeat: initial; background-attachment: initial; background-origin: initial; background-clip: initial;\"><b><span style=\"font-size:13.5pt;font-family:&quot;Noto Sans&quot;,sans-serif; mso-fareast-font-family:&quot;Times New Roman&quot;;letter-spacing:.7pt;mso-font-kerning: 0pt;mso-ligatures:none;mso-fareast-language:FR\">Marketing op\u00e9rationnel&nbsp;:<\/span><\/b><span style=\"font-size:13.5pt;font-family: &quot;Noto Sans&quot;,sans-serif;mso-fareast-font-family:&quot;Times New Roman&quot;; letter-spacing:.7pt;mso-font-kerning:0pt;mso-ligatures:none;mso-fareast-language: FR\">&nbsp;utiliser le CRM, construire sa base client, concevoir une campagne produite\/ march\u00e9, exploiter les leads, traiter les demandes atypiques\u2026<o:p><\/o:p><\/span><\/li>\n<\/ul>\t\t\t\t\t\t\t\t<\/div>\n\t\t\t\t<\/div>\n\t\t\t\t\t<\/div>\n\t\t<\/div>\n\t\t\t\t\t<\/div>\n\t\t<\/section>\n\t\t\t\t<section class=\"elementor-section elementor-top-section elementor-element elementor-element-7c1c72e elementor-section-boxed elementor-section-height-default elementor-section-height-default\" data-id=\"7c1c72e\" data-element_type=\"section\">\n\t\t\t\t\t\t<div class=\"elementor-container elementor-column-gap-default\">\n\t\t\t\t\t<div class=\"elementor-column elementor-col-100 elementor-top-column elementor-element elementor-element-cd29cb6\" data-id=\"cd29cb6\" data-element_type=\"column\">\n\t\t\t<div class=\"elementor-widget-wrap elementor-element-populated\">\n\t\t\t\t\t\t<div class=\"elementor-element elementor-element-cb499ba elementor-widget elementor-widget-spacer\" data-id=\"cb499ba\" data-element_type=\"widget\" data-widget_type=\"spacer.default\">\n\t\t\t\t<div class=\"elementor-widget-container\">\n\t\t\t\t\t\t\t<div class=\"elementor-spacer\">\n\t\t\t<div class=\"elementor-spacer-inner\"><\/div>\n\t\t<\/div>\n\t\t\t\t\t\t<\/div>\n\t\t\t\t<\/div>\n\t\t\t\t\t<\/div>\n\t\t<\/div>\n\t\t\t\t\t<\/div>\n\t\t<\/section>\n\t\t\t\t<section class=\"elementor-section elementor-top-section elementor-element elementor-element-c53ae3c elementor-section-full_width elementor-section-stretched elementor-section-height-default elementor-section-height-default\" data-id=\"c53ae3c\" data-element_type=\"section\" data-settings=\"{&quot;stretch_section&quot;:&quot;section-stretched&quot;,&quot;background_background&quot;:&quot;gradient&quot;}\">\n\t\t\t\t\t\t<div class=\"elementor-container elementor-column-gap-default\">\n\t\t\t\t\t<div class=\"elementor-column elementor-col-100 elementor-top-column elementor-element elementor-element-fab6a3e\" data-id=\"fab6a3e\" data-element_type=\"column\">\n\t\t\t<div class=\"elementor-widget-wrap elementor-element-populated\">\n\t\t\t\t\t\t<div class=\"elementor-element elementor-element-518511c elementor-widget elementor-widget-heading\" data-id=\"518511c\" data-element_type=\"widget\" data-widget_type=\"heading.default\">\n\t\t\t\t<div class=\"elementor-widget-container\">\n\t\t\t\t\t<h2 class=\"elementor-heading-title elementor-size-default\">NOS FORMATION<\/h2>\t\t\t\t<\/div>\n\t\t\t\t<\/div>\n\t\t\t\t\t<\/div>\n\t\t<\/div>\n\t\t\t\t\t<\/div>\n\t\t<\/section>\n\t\t\t\t<section class=\"elementor-section elementor-top-section elementor-element elementor-element-bdf3a45 elementor-section-boxed elementor-section-height-default elementor-section-height-default\" data-id=\"bdf3a45\" data-element_type=\"section\">\n\t\t\t\t\t\t<div class=\"elementor-container elementor-column-gap-default\">\n\t\t\t\t\t<div class=\"elementor-column elementor-col-100 elementor-top-column elementor-element elementor-element-49aa218\" data-id=\"49aa218\" data-element_type=\"column\">\n\t\t\t<div class=\"elementor-widget-wrap elementor-element-populated\">\n\t\t\t\t\t\t<div class=\"elementor-element elementor-element-8c85bab elementor-widget elementor-widget-spacer\" data-id=\"8c85bab\" data-element_type=\"widget\" data-widget_type=\"spacer.default\">\n\t\t\t\t<div class=\"elementor-widget-container\">\n\t\t\t\t\t\t\t<div class=\"elementor-spacer\">\n\t\t\t<div class=\"elementor-spacer-inner\"><\/div>\n\t\t<\/div>\n\t\t\t\t\t\t<\/div>\n\t\t\t\t<\/div>\n\t\t\t\t\t<\/div>\n\t\t<\/div>\n\t\t\t\t\t<\/div>\n\t\t<\/section>\n\t\t\t\t<section class=\"elementor-section elementor-top-section elementor-element elementor-element-6915eec elementor-section-boxed elementor-section-height-default elementor-section-height-default\" data-id=\"6915eec\" data-element_type=\"section\">\n\t\t\t\t\t\t<div class=\"elementor-container elementor-column-gap-default\">\n\t\t\t\t\t<div class=\"elementor-column elementor-col-50 elementor-top-column elementor-element elementor-element-e670c91\" data-id=\"e670c91\" data-element_type=\"column\">\n\t\t\t<div class=\"elementor-widget-wrap elementor-element-populated\">\n\t\t\t\t\t\t<div class=\"elementor-element elementor-element-299272b elementor-widget elementor-widget-heading\" data-id=\"299272b\" data-element_type=\"widget\" data-widget_type=\"heading.default\">\n\t\t\t\t<div class=\"elementor-widget-container\">\n\t\t\t\t\t<h2 class=\"elementor-heading-title elementor-size-default\">Communication Professionnelle<\/h2>\t\t\t\t<\/div>\n\t\t\t\t<\/div>\n\t\t\t\t<div class=\"elementor-element elementor-element-bef19ca elementor-widget elementor-widget-spacer\" data-id=\"bef19ca\" data-element_type=\"widget\" data-widget_type=\"spacer.default\">\n\t\t\t\t<div class=\"elementor-widget-container\">\n\t\t\t\t\t\t\t<div class=\"elementor-spacer\">\n\t\t\t<div class=\"elementor-spacer-inner\"><\/div>\n\t\t<\/div>\n\t\t\t\t\t\t<\/div>\n\t\t\t\t<\/div>\n\t\t\t\t<div class=\"elementor-element elementor-element-83507ab elementor-widget elementor-widget-text-editor\" data-id=\"83507ab\" data-element_type=\"widget\" data-widget_type=\"text-editor.default\">\n\t\t\t\t<div class=\"elementor-widget-container\">\n\t\t\t\t\t\t\t\t\t<p style=\"margin-bottom: 15pt; line-height: normal; background-image: initial; background-position: initial; background-size: initial; background-repeat: initial; background-attachment: initial; background-origin: initial; background-clip: initial;\"><span style=\"font-size: 13.5pt; font-family: 'Noto Sans',sans-serif; mso-fareast-font-family: 'Times New Roman'; color: #555555; letter-spacing: .7pt; mso-font-kerning: 0pt; mso-ligatures: none; mso-fareast-language: FR;\">Communiquer et prendre la parole en public\u201d :<\/span><\/p><ul type=\"disc\">\n<li style=\"line-height: normal; background-image: initial; background-position: initial; background-size: initial; background-repeat: initial; background-attachment: initial; background-origin: initial; background-clip: initial;\"><span style=\"font-size: 14.0pt; font-family: 'Noto Sans',sans-serif; mso-fareast-font-family: 'Times New Roman'; mso-font-kerning: 0pt; mso-ligatures: none; mso-fareast-language: FR;\"><a href=\"https:\/\/techfizz-bc.com\/en\/product\/formation-communiquer-et-prendre-la-parole-en-public_2024-3\/\" target=\"_blank\" rel=\"noopener\">3 j \u2013 22-23-24\/04\/2024<\/a><\/span><\/li>\n<li style=\"line-height: normal; background-image: initial; background-position: initial; background-size: initial; background-repeat: initial; background-attachment: initial; background-origin: initial; background-clip: initial;\"><a href=\"https:\/\/techfizz-bc.com\/en\/product\/formation-commun\u202627-28-29-05-2024\/\" target=\"_blank\" rel=\"noopener\">3 j \u2013 27-28-29\/05\/2024&nbsp;<\/a><\/li>\n<li style=\"line-height: normal; background-image: initial; background-position: initial; background-size: initial; background-repeat: initial; background-attachment: initial; background-origin: initial; background-clip: initial;\"><a style=\"font-family: 'Noto Sans', sans-serif; font-size: 14pt; background-color: #eeeeee;\" href=\"https:\/\/techfizz-bc.com\/en\/product\/formation-commun\u202624-25-26-06-2024\/\">3 j \u2013 24-25-26\/06\/2024<\/a><\/li>\n<\/ul>\t\t\t\t\t\t\t\t<\/div>\n\t\t\t\t<\/div>\n\t\t\t\t\t<\/div>\n\t\t<\/div>\n\t\t\t\t<div class=\"elementor-column elementor-col-50 elementor-top-column elementor-element elementor-element-69a9b2a\" data-id=\"69a9b2a\" data-element_type=\"column\">\n\t\t\t<div class=\"elementor-widget-wrap elementor-element-populated\">\n\t\t\t\t\t\t<div class=\"elementor-element elementor-element-fed3f6a elementor-widget elementor-widget-heading\" data-id=\"fed3f6a\" data-element_type=\"widget\" data-widget_type=\"heading.default\">\n\t\t\t\t<div class=\"elementor-widget-container\">\n\t\t\t\t\t<h2 class=\"elementor-heading-title elementor-size-default\">Marketing op\u00e9rationnel <\/h2>\t\t\t\t<\/div>\n\t\t\t\t<\/div>\n\t\t\t\t<div class=\"elementor-element elementor-element-2ea6abe elementor-widget elementor-widget-spacer\" data-id=\"2ea6abe\" data-element_type=\"widget\" data-widget_type=\"spacer.default\">\n\t\t\t\t<div class=\"elementor-widget-container\">\n\t\t\t\t\t\t\t<div class=\"elementor-spacer\">\n\t\t\t<div class=\"elementor-spacer-inner\"><\/div>\n\t\t<\/div>\n\t\t\t\t\t\t<\/div>\n\t\t\t\t<\/div>\n\t\t\t\t<div class=\"elementor-element elementor-element-f8c7e53 elementor-widget elementor-widget-text-editor\" data-id=\"f8c7e53\" data-element_type=\"widget\" data-widget_type=\"text-editor.default\">\n\t\t\t\t<div class=\"elementor-widget-container\">\n\t\t\t\t\t\t\t\t\t<p>Notre programme de formation \u00ab\u00a0Marketing op\u00e9rationnel\u00a0\u00bb est en cours de cr\u00e9ation.\u00a0<\/p>\t\t\t\t\t\t\t\t<\/div>\n\t\t\t\t<\/div>\n\t\t\t\t\t<\/div>\n\t\t<\/div>\n\t\t\t\t\t<\/div>\n\t\t<\/section>\n\t\t\t\t<section class=\"elementor-section elementor-top-section elementor-element elementor-element-f5d9f7e elementor-section-boxed elementor-section-height-default elementor-section-height-default\" data-id=\"f5d9f7e\" data-element_type=\"section\">\n\t\t\t\t\t\t<div class=\"elementor-container elementor-column-gap-default\">\n\t\t\t\t\t<div class=\"elementor-column elementor-col-100 elementor-top-column elementor-element elementor-element-dbceb8f\" data-id=\"dbceb8f\" data-element_type=\"column\">\n\t\t\t<div class=\"elementor-widget-wrap elementor-element-populated\">\n\t\t\t\t\t\t<div class=\"elementor-element elementor-element-7cfc299 elementor-widget elementor-widget-spacer\" data-id=\"7cfc299\" data-element_type=\"widget\" data-widget_type=\"spacer.default\">\n\t\t\t\t<div class=\"elementor-widget-container\">\n\t\t\t\t\t\t\t<div class=\"elementor-spacer\">\n\t\t\t<div class=\"elementor-spacer-inner\"><\/div>\n\t\t<\/div>\n\t\t\t\t\t\t<\/div>\n\t\t\t\t<\/div>\n\t\t\t\t<div class=\"elementor-element elementor-element-ab9f57d elementor-widget elementor-widget-heading\" data-id=\"ab9f57d\" data-element_type=\"widget\" data-widget_type=\"heading.default\">\n\t\t\t\t<div class=\"elementor-widget-container\">\n\t\t\t\t\t<h2 class=\"elementor-heading-title elementor-size-default\">Pour plus d'information n'h\u00e9sitez pas \u00e0 nous contacter via notre formulaire de contact<\/h2>\t\t\t\t<\/div>\n\t\t\t\t<\/div>\n\t\t\t\t\t<\/div>\n\t\t<\/div>\n\t\t\t\t\t<\/div>\n\t\t<\/section>\n\t\t\t\t<section class=\"elementor-section elementor-top-section elementor-element elementor-element-e8ef5c1 elementor-section-boxed elementor-section-height-default elementor-section-height-default\" data-id=\"e8ef5c1\" data-element_type=\"section\">\n\t\t\t\t\t\t<div class=\"elementor-container elementor-column-gap-default\">\n\t\t\t\t\t<div class=\"elementor-column elementor-col-100 elementor-top-column elementor-element elementor-element-1e83bcb\" data-id=\"1e83bcb\" data-element_type=\"column\">\n\t\t\t<div class=\"elementor-widget-wrap elementor-element-populated\">\n\t\t\t\t\t\t<div class=\"elementor-element elementor-element-838715b elementor-align-center elementor-widget elementor-widget-button\" data-id=\"838715b\" data-element_type=\"widget\" data-widget_type=\"button.default\">\n\t\t\t\t<div class=\"elementor-widget-container\">\n\t\t\t\t\t\t\t\t\t<div class=\"elementor-button-wrapper\">\n\t\t\t\t\t<a class=\"elementor-button elementor-button-link elementor-size-sm\" href=\"#\">\n\t\t\t\t\t\t<span class=\"elementor-button-content-wrapper\">\n\t\t\t\t\t\t\t\t\t<span class=\"elementor-button-text\">Contactez nous<\/span>\n\t\t\t\t\t<\/span>\n\t\t\t\t\t<\/a>\n\t\t\t\t<\/div>\n\t\t\t\t\t\t\t\t<\/div>\n\t\t\t\t<\/div>\n\t\t\t\t\t<\/div>\n\t\t<\/div>\n\t\t\t\t\t<\/div>\n\t\t<\/section>\n\t\t\t\t<\/div>","protected":false},"excerpt":{"rendered":"<p>PROGRAMME FORMATION Explorez nos formations sp\u00e9cialis\u00e9es en&nbsp;Communication Professionnelle et Marketing Op\u00e9rationnel. Nous sommes d\u00e9termin\u00e9s \u00e0 vous aider \u00e0 d\u00e9velopper les comp\u00e9tences essentielles pour r\u00e9ussir dans ces domaines dynamiques et en constante \u00e9volution. Le domaine de comp\u00e9tence de notre soci\u00e9t\u00e9 nous permet de proposer \u00e0 vos \u00e9quipes deux grandes familles de formations&nbsp;: Communication professionnelle&nbsp;:&nbsp;construire des outils [&hellip;]<\/p>","protected":false},"author":1,"featured_media":0,"parent":0,"menu_order":0,"comment_status":"closed","ping_status":"closed","template":"","meta":{"footnotes":""},"class_list":["post-79407","page","type-page","status-publish","hentry"],"_links":{"self":[{"href":"https:\/\/techfizz-bc.com\/en\/wp-json\/wp\/v2\/pages\/79407","targetHints":{"allow":["GET"]}}],"collection":[{"href":"https:\/\/techfizz-bc.com\/en\/wp-json\/wp\/v2\/pages"}],"about":[{"href":"https:\/\/techfizz-bc.com\/en\/wp-json\/wp\/v2\/types\/page"}],"author":[{"embeddable":true,"href":"https:\/\/techfizz-bc.com\/en\/wp-json\/wp\/v2\/users\/1"}],"replies":[{"embeddable":true,"href":"https:\/\/techfizz-bc.com\/en\/wp-json\/wp\/v2\/comments?post=79407"}],"version-history":[{"count":34,"href":"https:\/\/techfizz-bc.com\/en\/wp-json\/wp\/v2\/pages\/79407\/revisions"}],"predecessor-version":[{"id":79490,"href":"https:\/\/techfizz-bc.com\/en\/wp-json\/wp\/v2\/pages\/79407\/revisions\/79490"}],"wp:attachment":[{"href":"https:\/\/techfizz-bc.com\/en\/wp-json\/wp\/v2\/media?parent=79407"}],"curies":[{"name":"wp","href":"https:\/\/api.w.org\/{rel}","templated":true}]}}