{"id":77524,"date":"2022-11-28T15:08:41","date_gmt":"2022-11-28T14:08:41","guid":{"rendered":"https:\/\/techfizz-bc.com\/?page_id=77524"},"modified":"2024-01-30T16:48:56","modified_gmt":"2024-01-30T15:48:56","slug":"expertise-de-business-model","status":"publish","type":"page","link":"https:\/\/techfizz-bc.com\/en\/expertise-de-business-model\/","title":{"rendered":"EXPERTISE IN THE BUSINESS MODEL"},"content":{"rendered":"<div data-elementor-type=\"wp-page\" data-elementor-id=\"77524\" class=\"elementor elementor-77524\" data-elementor-post-type=\"page\">\n\t\t\t\t\t\t<section class=\"elementor-section elementor-top-section elementor-element elementor-element-2d02f20 elementor-section-boxed elementor-section-height-default elementor-section-height-default\" data-id=\"2d02f20\" data-element_type=\"section\">\n\t\t\t\t\t\t<div class=\"elementor-container elementor-column-gap-default\">\n\t\t\t\t\t<div class=\"elementor-column elementor-col-100 elementor-top-column elementor-element elementor-element-3fe2f27\" data-id=\"3fe2f27\" data-element_type=\"column\">\n\t\t\t<div class=\"elementor-widget-wrap elementor-element-populated\">\n\t\t\t\t\t\t<div class=\"elementor-element elementor-element-37ff1e0 elementor-widget elementor-widget-heading\" data-id=\"37ff1e0\" data-element_type=\"widget\" data-widget_type=\"heading.default\">\n\t\t\t\t<div class=\"elementor-widget-container\">\n\t\t\t\t\t<h2 class=\"elementor-heading-title elementor-size-default\">EXPERTISE IN BUSINESS MODEL<\/h2>\t\t\t\t<\/div>\n\t\t\t\t<\/div>\n\t\t\t\t<div class=\"elementor-element elementor-element-721dfb8 elementor-widget elementor-widget-spacer\" data-id=\"721dfb8\" data-element_type=\"widget\" data-widget_type=\"spacer.default\">\n\t\t\t\t<div class=\"elementor-widget-container\">\n\t\t\t\t\t\t\t<div class=\"elementor-spacer\">\n\t\t\t<div class=\"elementor-spacer-inner\"><\/div>\n\t\t<\/div>\n\t\t\t\t\t\t<\/div>\n\t\t\t\t<\/div>\n\t\t\t\t\t<\/div>\n\t\t<\/div>\n\t\t\t\t\t<\/div>\n\t\t<\/section>\n\t\t\t\t<section class=\"elementor-section elementor-top-section elementor-element elementor-element-008e5f4 elementor-section-boxed elementor-section-height-default elementor-section-height-default\" data-id=\"008e5f4\" data-element_type=\"section\">\n\t\t\t\t\t\t<div class=\"elementor-container elementor-column-gap-default\">\n\t\t\t\t\t<div class=\"elementor-column elementor-col-50 elementor-top-column elementor-element elementor-element-49fc05b\" data-id=\"49fc05b\" data-element_type=\"column\">\n\t\t\t<div class=\"elementor-widget-wrap elementor-element-populated\">\n\t\t\t\t\t\t<div class=\"elementor-element elementor-element-b3815ee elementor-widget elementor-widget-text-editor\" data-id=\"b3815ee\" data-element_type=\"widget\" data-widget_type=\"text-editor.default\">\n\t\t\t\t<div class=\"elementor-widget-container\">\n\t\t\t\t\t\t\t\t\t<p>You are an investor, a fund manager or a business banker and you are in the process of investing. How would you know if your investment will meet your objectives? How can you evaluate the market of a potential business acquisition?<\/p><p>Financial analysis of past and current balance sheet and P&amp;Ls is certainly a precious tool. However what is the basis of these numbers ? Where are the customers ? Where does the value add come from ? How is the market developing ?<\/p><p>We created an analytical approach based on Alex Osterwalder\u2019s Business Model Canvas. The deliverable outcome is clear and let you visualise the strengths and weaknesses of the business model. This will profitably feed your investment decision and limit you risks.<\/p>\t\t\t\t\t\t\t\t<\/div>\n\t\t\t\t<\/div>\n\t\t\t\t\t<\/div>\n\t\t<\/div>\n\t\t\t\t<div class=\"elementor-column elementor-col-50 elementor-top-column elementor-element elementor-element-a0e7065\" data-id=\"a0e7065\" data-element_type=\"column\">\n\t\t\t<div class=\"elementor-widget-wrap elementor-element-populated\">\n\t\t\t\t\t\t<div class=\"elementor-element elementor-element-c582c14 elementor-widget elementor-widget-image\" data-id=\"c582c14\" data-element_type=\"widget\" data-widget_type=\"image.default\">\n\t\t\t\t<div class=\"elementor-widget-container\">\n\t\t\t\t\t\t\t\t\t\t\t\t\t\t\t<img fetchpriority=\"high\" decoding=\"async\" width=\"640\" height=\"360\" src=\"https:\/\/techfizz-bc.com\/wp-content\/uploads\/2022\/11\/pexels-fauxels-3184292-1024x576.jpg\" class=\"attachment-large size-large wp-image-2006\" alt=\"\" srcset=\"https:\/\/techfizz-bc.com\/wp-content\/uploads\/2022\/11\/pexels-fauxels-3184292-1024x576.jpg 1024w, https:\/\/techfizz-bc.com\/wp-content\/uploads\/2022\/11\/pexels-fauxels-3184292-scaled-1200x675.jpg 1200w, https:\/\/techfizz-bc.com\/wp-content\/uploads\/2022\/11\/pexels-fauxels-3184292-300x169.jpg 300w, https:\/\/techfizz-bc.com\/wp-content\/uploads\/2022\/11\/pexels-fauxels-3184292-768x432.jpg 768w, https:\/\/techfizz-bc.com\/wp-content\/uploads\/2022\/11\/pexels-fauxels-3184292-1536x864.jpg 1536w, https:\/\/techfizz-bc.com\/wp-content\/uploads\/2022\/11\/pexels-fauxels-3184292-2048x1152.jpg 2048w\" sizes=\"(max-width: 640px) 100vw, 640px\" \/>\t\t\t\t\t\t\t\t\t\t\t\t\t\t\t<\/div>\n\t\t\t\t<\/div>\n\t\t\t\t\t<\/div>\n\t\t<\/div>\n\t\t\t\t\t<\/div>\n\t\t<\/section>\n\t\t\t\t<section class=\"elementor-section elementor-top-section elementor-element elementor-element-1884daf elementor-section-boxed elementor-section-height-default elementor-section-height-default\" data-id=\"1884daf\" data-element_type=\"section\">\n\t\t\t\t\t\t<div class=\"elementor-container elementor-column-gap-default\">\n\t\t\t\t\t<div class=\"elementor-column elementor-col-100 elementor-top-column elementor-element elementor-element-c8f0860\" data-id=\"c8f0860\" data-element_type=\"column\">\n\t\t\t<div class=\"elementor-widget-wrap elementor-element-populated\">\n\t\t\t\t\t\t<div class=\"elementor-element elementor-element-375de30 elementor-widget elementor-widget-spacer\" data-id=\"375de30\" data-element_type=\"widget\" data-widget_type=\"spacer.default\">\n\t\t\t\t<div class=\"elementor-widget-container\">\n\t\t\t\t\t\t\t<div class=\"elementor-spacer\">\n\t\t\t<div class=\"elementor-spacer-inner\"><\/div>\n\t\t<\/div>\n\t\t\t\t\t\t<\/div>\n\t\t\t\t<\/div>\n\t\t\t\t\t<\/div>\n\t\t<\/div>\n\t\t\t\t\t<\/div>\n\t\t<\/section>\n\t\t\t\t<section class=\"elementor-section elementor-top-section elementor-element elementor-element-ca15c64 elementor-section-boxed elementor-section-height-default elementor-section-height-default\" data-id=\"ca15c64\" data-element_type=\"section\">\n\t\t\t\t\t\t<div class=\"elementor-container elementor-column-gap-default\">\n\t\t\t\t\t<div class=\"elementor-column elementor-col-100 elementor-top-column elementor-element elementor-element-5c289e9\" data-id=\"5c289e9\" data-element_type=\"column\">\n\t\t\t<div class=\"elementor-widget-wrap elementor-element-populated\">\n\t\t\t\t\t\t<div class=\"elementor-element elementor-element-8babf49 elementor-invisible elementor-widget elementor-widget-heading\" data-id=\"8babf49\" data-element_type=\"widget\" data-settings=\"{&quot;_animation&quot;:&quot;fadeInDown&quot;}\" data-widget_type=\"heading.default\">\n\t\t\t\t<div class=\"elementor-widget-container\">\n\t\t\t\t\t<h2 class=\"elementor-heading-title elementor-size-default\">OUR METHODOLOGY<\/h2>\t\t\t\t<\/div>\n\t\t\t\t<\/div>\n\t\t\t\t\t<\/div>\n\t\t<\/div>\n\t\t\t\t\t<\/div>\n\t\t<\/section>\n\t\t\t\t<section class=\"elementor-section elementor-top-section elementor-element elementor-element-dcf26d7 elementor-section-boxed elementor-section-height-default elementor-section-height-default\" data-id=\"dcf26d7\" data-element_type=\"section\">\n\t\t\t\t\t\t<div class=\"elementor-container elementor-column-gap-default\">\n\t\t\t\t\t<div class=\"elementor-column elementor-col-100 elementor-top-column elementor-element elementor-element-8ceaab7\" data-id=\"8ceaab7\" data-element_type=\"column\">\n\t\t\t<div class=\"elementor-widget-wrap elementor-element-populated\">\n\t\t\t\t\t\t<div class=\"elementor-element elementor-element-8909d2f elementor-widget elementor-widget-spacer\" data-id=\"8909d2f\" data-element_type=\"widget\" data-widget_type=\"spacer.default\">\n\t\t\t\t<div class=\"elementor-widget-container\">\n\t\t\t\t\t\t\t<div class=\"elementor-spacer\">\n\t\t\t<div class=\"elementor-spacer-inner\"><\/div>\n\t\t<\/div>\n\t\t\t\t\t\t<\/div>\n\t\t\t\t<\/div>\n\t\t\t\t\t<\/div>\n\t\t<\/div>\n\t\t\t\t\t<\/div>\n\t\t<\/section>\n\t\t\t\t<section class=\"elementor-section elementor-top-section elementor-element elementor-element-563a5c3 elementor-section-boxed elementor-section-height-default elementor-section-height-default\" data-id=\"563a5c3\" data-element_type=\"section\">\n\t\t\t\t\t\t<div class=\"elementor-container elementor-column-gap-default\">\n\t\t\t\t\t<div class=\"elementor-column elementor-col-25 elementor-top-column elementor-element elementor-element-ddc3be5\" data-id=\"ddc3be5\" data-element_type=\"column\">\n\t\t\t<div class=\"elementor-widget-wrap elementor-element-populated\">\n\t\t\t\t\t\t<div class=\"elementor-element elementor-element-f93c41d elementor-widget elementor-widget-image\" data-id=\"f93c41d\" data-element_type=\"widget\" data-widget_type=\"image.default\">\n\t\t\t\t<div class=\"elementor-widget-container\">\n\t\t\t\t\t\t\t\t\t\t\t\t\t\t\t\t<a href=\"https:\/\/techfizz-bc.com\/index.php\/objectifs-dexpertise-de-business-model\/\">\n\t\t\t\t\t\t\t<img decoding=\"async\" width=\"640\" height=\"512\" src=\"https:\/\/techfizz-bc.com\/wp-content\/uploads\/2021\/12\/objectif-1024x819.png\" class=\"elementor-animation-grow attachment-large size-large wp-image-77450\" alt=\"\" srcset=\"https:\/\/techfizz-bc.com\/wp-content\/uploads\/2021\/12\/objectif-1024x819.png 1024w, https:\/\/techfizz-bc.com\/wp-content\/uploads\/2021\/12\/objectif-1200x960.png 1200w, https:\/\/techfizz-bc.com\/wp-content\/uploads\/2021\/12\/objectif-300x240.png 300w, https:\/\/techfizz-bc.com\/wp-content\/uploads\/2021\/12\/objectif-768x614.png 768w, https:\/\/techfizz-bc.com\/wp-content\/uploads\/2021\/12\/objectif-1536x1229.png 1536w, https:\/\/techfizz-bc.com\/wp-content\/uploads\/2021\/12\/objectif.png 2000w\" sizes=\"(max-width: 640px) 100vw, 640px\" \/>\t\t\t\t\t\t\t\t<\/a>\n\t\t\t\t\t\t\t\t\t\t\t\t\t\t\t<\/div>\n\t\t\t\t<\/div>\n\t\t\t\t<div class=\"elementor-element elementor-element-b1e7bb9 elementor-widget elementor-widget-heading\" data-id=\"b1e7bb9\" data-element_type=\"widget\" data-widget_type=\"heading.default\">\n\t\t\t\t<div class=\"elementor-widget-container\">\n\t\t\t\t\t<h2 class=\"elementor-heading-title elementor-size-default\">OBJECTIVES<\/h2>\t\t\t\t<\/div>\n\t\t\t\t<\/div>\n\t\t\t\t<div class=\"elementor-element elementor-element-dc23070 elementor-widget elementor-widget-spacer\" data-id=\"dc23070\" data-element_type=\"widget\" data-widget_type=\"spacer.default\">\n\t\t\t\t<div class=\"elementor-widget-container\">\n\t\t\t\t\t\t\t<div class=\"elementor-spacer\">\n\t\t\t<div class=\"elementor-spacer-inner\"><\/div>\n\t\t<\/div>\n\t\t\t\t\t\t<\/div>\n\t\t\t\t<\/div>\n\t\t\t\t<div class=\"elementor-element elementor-element-ee775c9 elementor-widget elementor-widget-text-editor\" data-id=\"ee775c9\" data-element_type=\"widget\" data-widget_type=\"text-editor.default\">\n\t\t\t\t<div class=\"elementor-widget-container\">\n\t\t\t\t\t\t\t\t\t<p>Review revenue streams to make a decision and eliminate risk\u00a0<\/p>\t\t\t\t\t\t\t\t<\/div>\n\t\t\t\t<\/div>\n\t\t\t\t<div class=\"elementor-element elementor-element-81096b5 elementor-widget elementor-widget-button\" data-id=\"81096b5\" data-element_type=\"widget\" data-widget_type=\"button.default\">\n\t\t\t\t<div class=\"elementor-widget-container\">\n\t\t\t\t\t\t\t\t\t<div class=\"elementor-button-wrapper\">\n\t\t\t\t\t<a class=\"elementor-button elementor-button-link elementor-size-sm\" href=\"https:\/\/techfizz-bc.com\/en\/objectifs-dexpertise-de-business-model\/\">\n\t\t\t\t\t\t<span class=\"elementor-button-content-wrapper\">\n\t\t\t\t\t\t\t\t\t<span class=\"elementor-button-text\">Learn more<\/span>\n\t\t\t\t\t<\/span>\n\t\t\t\t\t<\/a>\n\t\t\t\t<\/div>\n\t\t\t\t\t\t\t\t<\/div>\n\t\t\t\t<\/div>\n\t\t\t\t\t<\/div>\n\t\t<\/div>\n\t\t\t\t<div class=\"elementor-column elementor-col-25 elementor-top-column elementor-element elementor-element-e9ebc2a\" data-id=\"e9ebc2a\" data-element_type=\"column\">\n\t\t\t<div class=\"elementor-widget-wrap elementor-element-populated\">\n\t\t\t\t\t\t<div class=\"elementor-element elementor-element-020b326 elementor-widget elementor-widget-image\" data-id=\"020b326\" data-element_type=\"widget\" data-widget_type=\"image.default\">\n\t\t\t\t<div class=\"elementor-widget-container\">\n\t\t\t\t\t\t\t\t\t\t\t\t\t\t\t\t<a href=\"https:\/\/techfizz-bc.com\/index.php\/tbc-2\/\">\n\t\t\t\t\t\t\t<img decoding=\"async\" width=\"640\" height=\"512\" src=\"https:\/\/techfizz-bc.com\/wp-content\/uploads\/2021\/12\/METHODES-1024x819.png\" class=\"elementor-animation-grow attachment-large size-large wp-image-77458\" alt=\"\" srcset=\"https:\/\/techfizz-bc.com\/wp-content\/uploads\/2021\/12\/METHODES-1024x819.png 1024w, https:\/\/techfizz-bc.com\/wp-content\/uploads\/2021\/12\/METHODES-1200x960.png 1200w, https:\/\/techfizz-bc.com\/wp-content\/uploads\/2021\/12\/METHODES-300x240.png 300w, https:\/\/techfizz-bc.com\/wp-content\/uploads\/2021\/12\/METHODES-768x614.png 768w, https:\/\/techfizz-bc.com\/wp-content\/uploads\/2021\/12\/METHODES-1536x1229.png 1536w, https:\/\/techfizz-bc.com\/wp-content\/uploads\/2021\/12\/METHODES.png 2000w\" sizes=\"(max-width: 640px) 100vw, 640px\" \/>\t\t\t\t\t\t\t\t<\/a>\n\t\t\t\t\t\t\t\t\t\t\t\t\t\t\t<\/div>\n\t\t\t\t<\/div>\n\t\t\t\t<div class=\"elementor-element elementor-element-0fd7599 elementor-widget elementor-widget-heading\" data-id=\"0fd7599\" data-element_type=\"widget\" data-widget_type=\"heading.default\">\n\t\t\t\t<div class=\"elementor-widget-container\">\n\t\t\t\t\t<h2 class=\"elementor-heading-title elementor-size-default\">METHODOLOGY<\/h2>\t\t\t\t<\/div>\n\t\t\t\t<\/div>\n\t\t\t\t<div class=\"elementor-element elementor-element-289caea elementor-widget elementor-widget-spacer\" data-id=\"289caea\" data-element_type=\"widget\" data-widget_type=\"spacer.default\">\n\t\t\t\t<div class=\"elementor-widget-container\">\n\t\t\t\t\t\t\t<div class=\"elementor-spacer\">\n\t\t\t<div class=\"elementor-spacer-inner\"><\/div>\n\t\t<\/div>\n\t\t\t\t\t\t<\/div>\n\t\t\t\t<\/div>\n\t\t\t\t<div class=\"elementor-element elementor-element-589dc52 elementor-widget elementor-widget-text-editor\" data-id=\"589dc52\" data-element_type=\"widget\" data-widget_type=\"text-editor.default\">\n\t\t\t\t<div class=\"elementor-widget-container\">\n\t\t\t\t\t\t\t\t\t<p>The method of analysis follows the business model<\/p>\t\t\t\t\t\t\t\t<\/div>\n\t\t\t\t<\/div>\n\t\t\t\t<div class=\"elementor-element elementor-element-d72b3cf elementor-widget elementor-widget-button\" data-id=\"d72b3cf\" data-element_type=\"widget\" data-widget_type=\"button.default\">\n\t\t\t\t<div class=\"elementor-widget-container\">\n\t\t\t\t\t\t\t\t\t<div class=\"elementor-button-wrapper\">\n\t\t\t\t\t<a class=\"elementor-button elementor-button-link elementor-size-sm\" href=\"https:\/\/techfizz-bc.com\/en\/tbc-2\/\">\n\t\t\t\t\t\t<span class=\"elementor-button-content-wrapper\">\n\t\t\t\t\t\t\t\t\t<span class=\"elementor-button-text\">Learn more<\/span>\n\t\t\t\t\t<\/span>\n\t\t\t\t\t<\/a>\n\t\t\t\t<\/div>\n\t\t\t\t\t\t\t\t<\/div>\n\t\t\t\t<\/div>\n\t\t\t\t\t<\/div>\n\t\t<\/div>\n\t\t\t\t<div class=\"elementor-column elementor-col-25 elementor-top-column elementor-element elementor-element-6571f0f\" data-id=\"6571f0f\" data-element_type=\"column\">\n\t\t\t<div class=\"elementor-widget-wrap elementor-element-populated\">\n\t\t\t\t\t\t<div class=\"elementor-element elementor-element-9d32c11 elementor-widget elementor-widget-image\" data-id=\"9d32c11\" data-element_type=\"widget\" data-widget_type=\"image.default\">\n\t\t\t\t<div class=\"elementor-widget-container\">\n\t\t\t\t\t\t\t\t\t\t\t\t\t\t\t\t<a href=\"https:\/\/techfizz-bc.com\/index.php\/equipe\/\">\n\t\t\t\t\t\t\t<img loading=\"lazy\" decoding=\"async\" width=\"640\" height=\"512\" src=\"https:\/\/techfizz-bc.com\/wp-content\/uploads\/2021\/12\/equipe-1024x819.png\" class=\"elementor-animation-grow attachment-large size-large wp-image-77460\" alt=\"Se former en groupe pour apprendre \u00e0 communiquer\" srcset=\"https:\/\/techfizz-bc.com\/wp-content\/uploads\/2021\/12\/equipe-1024x819.png 1024w, https:\/\/techfizz-bc.com\/wp-content\/uploads\/2021\/12\/equipe-1200x960.png 1200w, https:\/\/techfizz-bc.com\/wp-content\/uploads\/2021\/12\/equipe-300x240.png 300w, https:\/\/techfizz-bc.com\/wp-content\/uploads\/2021\/12\/equipe-768x614.png 768w, https:\/\/techfizz-bc.com\/wp-content\/uploads\/2021\/12\/equipe-1536x1229.png 1536w, https:\/\/techfizz-bc.com\/wp-content\/uploads\/2021\/12\/equipe.png 2000w\" sizes=\"(max-width: 640px) 100vw, 640px\" \/>\t\t\t\t\t\t\t\t<\/a>\n\t\t\t\t\t\t\t\t\t\t\t\t\t\t\t<\/div>\n\t\t\t\t<\/div>\n\t\t\t\t<div class=\"elementor-element elementor-element-3c54331 elementor-widget elementor-widget-heading\" data-id=\"3c54331\" data-element_type=\"widget\" data-widget_type=\"heading.default\">\n\t\t\t\t<div class=\"elementor-widget-container\">\n\t\t\t\t\t<h2 class=\"elementor-heading-title elementor-size-default\">TEAM<\/h2>\t\t\t\t<\/div>\n\t\t\t\t<\/div>\n\t\t\t\t<div class=\"elementor-element elementor-element-3d4c271 elementor-widget elementor-widget-spacer\" data-id=\"3d4c271\" data-element_type=\"widget\" data-widget_type=\"spacer.default\">\n\t\t\t\t<div class=\"elementor-widget-container\">\n\t\t\t\t\t\t\t<div class=\"elementor-spacer\">\n\t\t\t<div class=\"elementor-spacer-inner\"><\/div>\n\t\t<\/div>\n\t\t\t\t\t\t<\/div>\n\t\t\t\t<\/div>\n\t\t\t\t<div class=\"elementor-element elementor-element-4361035 elementor-widget elementor-widget-text-editor\" data-id=\"4361035\" data-element_type=\"widget\" data-widget_type=\"text-editor.default\">\n\t\t\t\t<div class=\"elementor-widget-container\">\n\t\t\t\t\t\t\t\t\t<p>Our team at your service.\u00a0 \u00a0 \u00a0 \u00a0 \u00a0 \u00a0 \u00a0 \u00a0 \u00a0 \u00a0 \u00a0<\/p>\t\t\t\t\t\t\t\t<\/div>\n\t\t\t\t<\/div>\n\t\t\t\t<div class=\"elementor-element elementor-element-28d6560 elementor-widget elementor-widget-button\" data-id=\"28d6560\" data-element_type=\"widget\" data-widget_type=\"button.default\">\n\t\t\t\t<div class=\"elementor-widget-container\">\n\t\t\t\t\t\t\t\t\t<div class=\"elementor-button-wrapper\">\n\t\t\t\t\t<a class=\"elementor-button elementor-button-link elementor-size-sm\" href=\"https:\/\/techfizz-bc.com\/en\/equipe\/\">\n\t\t\t\t\t\t<span class=\"elementor-button-content-wrapper\">\n\t\t\t\t\t\t\t\t\t<span class=\"elementor-button-text\">Learn more<\/span>\n\t\t\t\t\t<\/span>\n\t\t\t\t\t<\/a>\n\t\t\t\t<\/div>\n\t\t\t\t\t\t\t\t<\/div>\n\t\t\t\t<\/div>\n\t\t\t\t\t<\/div>\n\t\t<\/div>\n\t\t\t\t<div class=\"elementor-column elementor-col-25 elementor-top-column elementor-element elementor-element-347115f\" data-id=\"347115f\" data-element_type=\"column\">\n\t\t\t<div class=\"elementor-widget-wrap elementor-element-populated\">\n\t\t\t\t\t\t<div class=\"elementor-element elementor-element-35ea24f elementor-widget elementor-widget-image\" data-id=\"35ea24f\" data-element_type=\"widget\" data-widget_type=\"image.default\">\n\t\t\t\t<div class=\"elementor-widget-container\">\n\t\t\t\t\t\t\t\t\t\t\t\t\t\t\t<img loading=\"lazy\" decoding=\"async\" width=\"640\" height=\"512\" src=\"https:\/\/techfizz-bc.com\/wp-content\/uploads\/2021\/12\/REFERENCES-1024x819.png\" class=\"elementor-animation-grow attachment-large size-large wp-image-77461\" alt=\"\" srcset=\"https:\/\/techfizz-bc.com\/wp-content\/uploads\/2021\/12\/REFERENCES-1024x819.png 1024w, https:\/\/techfizz-bc.com\/wp-content\/uploads\/2021\/12\/REFERENCES-1200x960.png 1200w, https:\/\/techfizz-bc.com\/wp-content\/uploads\/2021\/12\/REFERENCES-300x240.png 300w, https:\/\/techfizz-bc.com\/wp-content\/uploads\/2021\/12\/REFERENCES-768x614.png 768w, https:\/\/techfizz-bc.com\/wp-content\/uploads\/2021\/12\/REFERENCES-1536x1229.png 1536w, https:\/\/techfizz-bc.com\/wp-content\/uploads\/2021\/12\/REFERENCES.png 2000w\" sizes=\"(max-width: 640px) 100vw, 640px\" \/>\t\t\t\t\t\t\t\t\t\t\t\t\t\t\t<\/div>\n\t\t\t\t<\/div>\n\t\t\t\t<div class=\"elementor-element elementor-element-8935036 elementor-widget elementor-widget-heading\" data-id=\"8935036\" data-element_type=\"widget\" data-widget_type=\"heading.default\">\n\t\t\t\t<div class=\"elementor-widget-container\">\n\t\t\t\t\t<h2 class=\"elementor-heading-title elementor-size-default\">REFERENCES<\/h2>\t\t\t\t<\/div>\n\t\t\t\t<\/div>\n\t\t\t\t<div class=\"elementor-element elementor-element-6174389 elementor-widget elementor-widget-spacer\" data-id=\"6174389\" data-element_type=\"widget\" data-widget_type=\"spacer.default\">\n\t\t\t\t<div class=\"elementor-widget-container\">\n\t\t\t\t\t\t\t<div class=\"elementor-spacer\">\n\t\t\t<div class=\"elementor-spacer-inner\"><\/div>\n\t\t<\/div>\n\t\t\t\t\t\t<\/div>\n\t\t\t\t<\/div>\n\t\t\t\t<div class=\"elementor-element elementor-element-20b163f elementor-widget elementor-widget-text-editor\" data-id=\"20b163f\" data-element_type=\"widget\" data-widget_type=\"text-editor.default\">\n\t\t\t\t<div class=\"elementor-widget-container\">\n\t\t\t\t\t\t\t\t\t<p>Since 2000, Techfizz\u2019s partners have worked in many companies&nbsp;<\/p>\t\t\t\t\t\t\t\t<\/div>\n\t\t\t\t<\/div>\n\t\t\t\t\t<\/div>\n\t\t<\/div>\n\t\t\t\t\t<\/div>\n\t\t<\/section>\n\t\t\t\t<section class=\"elementor-section elementor-top-section elementor-element elementor-element-85e5dbf elementor-section-boxed elementor-section-height-default elementor-section-height-default\" data-id=\"85e5dbf\" data-element_type=\"section\">\n\t\t\t\t\t\t<div class=\"elementor-container elementor-column-gap-default\">\n\t\t\t\t\t<div class=\"elementor-column elementor-col-100 elementor-top-column elementor-element elementor-element-d7aece3\" data-id=\"d7aece3\" data-element_type=\"column\">\n\t\t\t<div class=\"elementor-widget-wrap elementor-element-populated\">\n\t\t\t\t\t\t<div class=\"elementor-element elementor-element-b38402d elementor-widget elementor-widget-spacer\" data-id=\"b38402d\" data-element_type=\"widget\" data-widget_type=\"spacer.default\">\n\t\t\t\t<div class=\"elementor-widget-container\">\n\t\t\t\t\t\t\t<div class=\"elementor-spacer\">\n\t\t\t<div class=\"elementor-spacer-inner\"><\/div>\n\t\t<\/div>\n\t\t\t\t\t\t<\/div>\n\t\t\t\t<\/div>\n\t\t\t\t\t<\/div>\n\t\t<\/div>\n\t\t\t\t\t<\/div>\n\t\t<\/section>\n\t\t\t\t<section class=\"elementor-section elementor-top-section elementor-element elementor-element-96ac819 elementor-section-boxed elementor-section-height-default elementor-section-height-default\" data-id=\"96ac819\" data-element_type=\"section\">\n\t\t\t\t\t\t<div class=\"elementor-container elementor-column-gap-default\">\n\t\t\t\t\t<div class=\"elementor-column elementor-col-100 elementor-top-column elementor-element elementor-element-68b39a4\" data-id=\"68b39a4\" data-element_type=\"column\">\n\t\t\t<div class=\"elementor-widget-wrap elementor-element-populated\">\n\t\t\t\t\t\t<div class=\"elementor-element elementor-element-e88e316 elementor-widget elementor-widget-spacer\" data-id=\"e88e316\" data-element_type=\"widget\" data-widget_type=\"spacer.default\">\n\t\t\t\t<div class=\"elementor-widget-container\">\n\t\t\t\t\t\t\t<div class=\"elementor-spacer\">\n\t\t\t<div class=\"elementor-spacer-inner\"><\/div>\n\t\t<\/div>\n\t\t\t\t\t\t<\/div>\n\t\t\t\t<\/div>\n\t\t\t\t\t<\/div>\n\t\t<\/div>\n\t\t\t\t\t<\/div>\n\t\t<\/section>\n\t\t\t\t<\/div>","protected":false},"excerpt":{"rendered":"<p>EXPERTISE DE BUSINESS MOD\u00c8LE Vous \u00eates investisseur, gestionnaire de patrimoine ou de portefeuille, banquier d\u2019affaires, fonds d\u2019investissement, et vous avez des investissements \u00e0 faire : comment savoir si votre investissement sera en mesure de r\u00e9pondre \u00e0 vos objectifs ? comment \u00e9valuer le march\u00e9 d&rsquo;une entreprise \u00e0 reprendre ? L\u2019analyse financi\u00e8re et l\u2019exploitation des donn\u00e9es comptables, [&hellip;]<\/p>","protected":false},"author":1,"featured_media":0,"parent":0,"menu_order":0,"comment_status":"closed","ping_status":"closed","template":"","meta":{"footnotes":""},"class_list":["post-77524","page","type-page","status-publish","hentry"],"_links":{"self":[{"href":"https:\/\/techfizz-bc.com\/en\/wp-json\/wp\/v2\/pages\/77524","targetHints":{"allow":["GET"]}}],"collection":[{"href":"https:\/\/techfizz-bc.com\/en\/wp-json\/wp\/v2\/pages"}],"about":[{"href":"https:\/\/techfizz-bc.com\/en\/wp-json\/wp\/v2\/types\/page"}],"author":[{"embeddable":true,"href":"https:\/\/techfizz-bc.com\/en\/wp-json\/wp\/v2\/users\/1"}],"replies":[{"embeddable":true,"href":"https:\/\/techfizz-bc.com\/en\/wp-json\/wp\/v2\/comments?post=77524"}],"version-history":[{"count":167,"href":"https:\/\/techfizz-bc.com\/en\/wp-json\/wp\/v2\/pages\/77524\/revisions"}],"predecessor-version":[{"id":79386,"href":"https:\/\/techfizz-bc.com\/en\/wp-json\/wp\/v2\/pages\/77524\/revisions\/79386"}],"wp:attachment":[{"href":"https:\/\/techfizz-bc.com\/en\/wp-json\/wp\/v2\/media?parent=77524"}],"curies":[{"name":"wp","href":"https:\/\/api.w.org\/{rel}","templated":true}]}}