{"id":56,"date":"2022-10-24T15:11:17","date_gmt":"2022-10-24T13:11:17","guid":{"rendered":"http:\/\/techfizz-bc.com\/?page_id=56"},"modified":"2024-01-30T16:37:32","modified_gmt":"2024-01-30T15:37:32","slug":"business-developpement","status":"publish","type":"page","link":"https:\/\/techfizz-bc.com\/en\/business-developpement\/","title":{"rendered":"BUSINESS DEVELOPMENT"},"content":{"rendered":"<div data-elementor-type=\"wp-page\" data-elementor-id=\"56\" class=\"elementor elementor-56\" data-elementor-post-type=\"page\">\n\t\t\t\t\t\t<section class=\"elementor-section elementor-top-section elementor-element elementor-element-9eca1d9 elementor-section-boxed elementor-section-height-default elementor-section-height-default\" data-id=\"9eca1d9\" data-element_type=\"section\">\n\t\t\t\t\t\t<div class=\"elementor-container elementor-column-gap-default\">\n\t\t\t\t\t<div class=\"elementor-column elementor-col-100 elementor-top-column elementor-element elementor-element-03e91d8\" data-id=\"03e91d8\" data-element_type=\"column\">\n\t\t\t<div class=\"elementor-widget-wrap elementor-element-populated\">\n\t\t\t\t\t\t<div class=\"elementor-element elementor-element-01ca8fa elementor-widget elementor-widget-spacer\" data-id=\"01ca8fa\" data-element_type=\"widget\" data-widget_type=\"spacer.default\">\n\t\t\t\t<div class=\"elementor-widget-container\">\n\t\t\t\t\t\t\t<div class=\"elementor-spacer\">\n\t\t\t<div class=\"elementor-spacer-inner\"><\/div>\n\t\t<\/div>\n\t\t\t\t\t\t<\/div>\n\t\t\t\t<\/div>\n\t\t\t\t<div class=\"elementor-element elementor-element-6d964d7 elementor-widget elementor-widget-heading\" data-id=\"6d964d7\" data-element_type=\"widget\" data-widget_type=\"heading.default\">\n\t\t\t\t<div class=\"elementor-widget-container\">\n\t\t\t\t\t<h2 class=\"elementor-heading-title elementor-size-default\">BUSINESS DEVELOPMENT<\/h2>\t\t\t\t<\/div>\n\t\t\t\t<\/div>\n\t\t\t\t<div class=\"elementor-element elementor-element-3937894 elementor-widget elementor-widget-spacer\" data-id=\"3937894\" data-element_type=\"widget\" data-widget_type=\"spacer.default\">\n\t\t\t\t<div class=\"elementor-widget-container\">\n\t\t\t\t\t\t\t<div class=\"elementor-spacer\">\n\t\t\t<div class=\"elementor-spacer-inner\"><\/div>\n\t\t<\/div>\n\t\t\t\t\t\t<\/div>\n\t\t\t\t<\/div>\n\t\t\t\t\t<\/div>\n\t\t<\/div>\n\t\t\t\t\t<\/div>\n\t\t<\/section>\n\t\t\t\t<section class=\"elementor-section elementor-top-section elementor-element elementor-element-0a8b75a elementor-section-boxed elementor-section-height-default elementor-section-height-default\" data-id=\"0a8b75a\" data-element_type=\"section\">\n\t\t\t\t\t\t<div class=\"elementor-container elementor-column-gap-default\">\n\t\t\t\t\t<div class=\"elementor-column elementor-col-50 elementor-top-column elementor-element elementor-element-b6c2ac7\" data-id=\"b6c2ac7\" data-element_type=\"column\">\n\t\t\t<div class=\"elementor-widget-wrap elementor-element-populated\">\n\t\t\t\t\t\t<div class=\"elementor-element elementor-element-72674ea elementor-widget elementor-widget-text-editor\" data-id=\"72674ea\" data-element_type=\"widget\" data-widget_type=\"text-editor.default\">\n\t\t\t\t<div class=\"elementor-widget-container\">\n\t\t\t\t\t\t\t\t\t<p>Increase the business revenue, acquire new customers, launch new products, those are key questions for every entrepreneur or business leader. Even more so in two instances<\/p><p>when access to the market is paramount in an early stage of development\nwhen the business has developed on a mature market and the entrepreneur is looking for funding for further growth.\nAnswers can be found internally by analysing the opportunities for commercial growth within the customer portfolio.<\/p><p>We have honed a methodology to provide the business with a clear development plan. Results can be monitored step-by-step.<\/p>\t\t\t\t\t\t\t\t<\/div>\n\t\t\t\t<\/div>\n\t\t\t\t\t<\/div>\n\t\t<\/div>\n\t\t\t\t<div class=\"elementor-column elementor-col-50 elementor-top-column elementor-element elementor-element-019d54e\" data-id=\"019d54e\" data-element_type=\"column\">\n\t\t\t<div class=\"elementor-widget-wrap elementor-element-populated\">\n\t\t\t\t\t\t<div class=\"elementor-element elementor-element-f3be791 elementor-widget__width-inherit elementor-widget elementor-widget-image\" data-id=\"f3be791\" data-element_type=\"widget\" data-widget_type=\"image.default\">\n\t\t\t\t<div class=\"elementor-widget-container\">\n\t\t\t\t\t\t\t\t\t\t\t\t\t\t\t<img fetchpriority=\"high\" decoding=\"async\" width=\"640\" height=\"440\" src=\"https:\/\/techfizz-bc.com\/wp-content\/uploads\/2022\/10\/Frame-3-3.png\" class=\"attachment-large size-large wp-image-1269\" alt=\"\" srcset=\"https:\/\/techfizz-bc.com\/wp-content\/uploads\/2022\/10\/Frame-3-3.png 768w, https:\/\/techfizz-bc.com\/wp-content\/uploads\/2022\/10\/Frame-3-3-300x206.png 300w\" sizes=\"(max-width: 640px) 100vw, 640px\" \/>\t\t\t\t\t\t\t\t\t\t\t\t\t\t\t<\/div>\n\t\t\t\t<\/div>\n\t\t\t\t<div class=\"elementor-element elementor-element-5b5fc8d elementor-widget elementor-widget-spacer\" data-id=\"5b5fc8d\" data-element_type=\"widget\" data-widget_type=\"spacer.default\">\n\t\t\t\t<div class=\"elementor-widget-container\">\n\t\t\t\t\t\t\t<div class=\"elementor-spacer\">\n\t\t\t<div class=\"elementor-spacer-inner\"><\/div>\n\t\t<\/div>\n\t\t\t\t\t\t<\/div>\n\t\t\t\t<\/div>\n\t\t\t\t\t<\/div>\n\t\t<\/div>\n\t\t\t\t\t<\/div>\n\t\t<\/section>\n\t\t\t\t<section class=\"elementor-section elementor-top-section elementor-element elementor-element-65431e8 elementor-section-boxed elementor-section-height-default elementor-section-height-default\" data-id=\"65431e8\" data-element_type=\"section\">\n\t\t\t\t\t\t<div class=\"elementor-container elementor-column-gap-default\">\n\t\t\t\t\t<div class=\"elementor-column elementor-col-100 elementor-top-column elementor-element elementor-element-e824c9a\" data-id=\"e824c9a\" data-element_type=\"column\">\n\t\t\t<div class=\"elementor-widget-wrap elementor-element-populated\">\n\t\t\t\t\t\t<div class=\"elementor-element elementor-element-5e8b25f elementor-widget elementor-widget-spacer\" data-id=\"5e8b25f\" data-element_type=\"widget\" data-widget_type=\"spacer.default\">\n\t\t\t\t<div class=\"elementor-widget-container\">\n\t\t\t\t\t\t\t<div class=\"elementor-spacer\">\n\t\t\t<div class=\"elementor-spacer-inner\"><\/div>\n\t\t<\/div>\n\t\t\t\t\t\t<\/div>\n\t\t\t\t<\/div>\n\t\t\t\t<div class=\"elementor-element elementor-element-8e023dc elementor-invisible elementor-widget elementor-widget-heading\" data-id=\"8e023dc\" data-element_type=\"widget\" data-settings=\"{&quot;_animation&quot;:&quot;fadeInDown&quot;,&quot;_animation_delay&quot;:0}\" data-widget_type=\"heading.default\">\n\t\t\t\t<div class=\"elementor-widget-container\">\n\t\t\t\t\t<h2 class=\"elementor-heading-title elementor-size-default\">OUR METHODOLOGY <\/h2>\t\t\t\t<\/div>\n\t\t\t\t<\/div>\n\t\t\t\t\t<\/div>\n\t\t<\/div>\n\t\t\t\t\t<\/div>\n\t\t<\/section>\n\t\t\t\t<section class=\"elementor-section elementor-top-section elementor-element elementor-element-d62b9c0 elementor-section-boxed elementor-section-height-default elementor-section-height-default\" data-id=\"d62b9c0\" data-element_type=\"section\">\n\t\t\t\t\t\t<div class=\"elementor-container elementor-column-gap-default\">\n\t\t\t\t\t<div class=\"elementor-column elementor-col-100 elementor-top-column elementor-element elementor-element-c708ee9\" data-id=\"c708ee9\" data-element_type=\"column\">\n\t\t\t<div class=\"elementor-widget-wrap elementor-element-populated\">\n\t\t\t\t\t\t<div class=\"elementor-element elementor-element-a7c8183 elementor-widget elementor-widget-spacer\" data-id=\"a7c8183\" data-element_type=\"widget\" data-widget_type=\"spacer.default\">\n\t\t\t\t<div class=\"elementor-widget-container\">\n\t\t\t\t\t\t\t<div class=\"elementor-spacer\">\n\t\t\t<div class=\"elementor-spacer-inner\"><\/div>\n\t\t<\/div>\n\t\t\t\t\t\t<\/div>\n\t\t\t\t<\/div>\n\t\t\t\t\t<\/div>\n\t\t<\/div>\n\t\t\t\t\t<\/div>\n\t\t<\/section>\n\t\t\t\t<section class=\"elementor-section elementor-top-section elementor-element elementor-element-fe98d76 animated-slow elementor-section-boxed elementor-section-height-default elementor-section-height-default elementor-invisible\" data-id=\"fe98d76\" data-element_type=\"section\" data-settings=\"{&quot;animation&quot;:&quot;fadeIn&quot;}\">\n\t\t\t\t\t\t<div class=\"elementor-container elementor-column-gap-default\">\n\t\t\t\t\t<div class=\"elementor-column elementor-col-25 elementor-top-column elementor-element elementor-element-2a322bf\" data-id=\"2a322bf\" data-element_type=\"column\">\n\t\t\t<div class=\"elementor-widget-wrap elementor-element-populated\">\n\t\t\t\t\t\t<div class=\"elementor-element elementor-element-8e728af elementor-widget elementor-widget-image\" data-id=\"8e728af\" data-element_type=\"widget\" data-widget_type=\"image.default\">\n\t\t\t\t<div class=\"elementor-widget-container\">\n\t\t\t\t\t\t\t\t\t\t\t\t\t\t\t\t<a href=\"https:\/\/techfizz-bc.com\/index.php\/objectifs-de-business-developpement\/\">\n\t\t\t\t\t\t\t<img decoding=\"async\" width=\"640\" height=\"512\" src=\"https:\/\/techfizz-bc.com\/wp-content\/uploads\/2021\/12\/objectif-1024x819.png\" class=\"elementor-animation-grow attachment-large size-large wp-image-77450\" alt=\"\" srcset=\"https:\/\/techfizz-bc.com\/wp-content\/uploads\/2021\/12\/objectif-1024x819.png 1024w, https:\/\/techfizz-bc.com\/wp-content\/uploads\/2021\/12\/objectif-1200x960.png 1200w, https:\/\/techfizz-bc.com\/wp-content\/uploads\/2021\/12\/objectif-300x240.png 300w, https:\/\/techfizz-bc.com\/wp-content\/uploads\/2021\/12\/objectif-768x614.png 768w, https:\/\/techfizz-bc.com\/wp-content\/uploads\/2021\/12\/objectif-1536x1229.png 1536w, https:\/\/techfizz-bc.com\/wp-content\/uploads\/2021\/12\/objectif.png 2000w\" sizes=\"(max-width: 640px) 100vw, 640px\" \/>\t\t\t\t\t\t\t\t<\/a>\n\t\t\t\t\t\t\t\t\t\t\t\t\t\t\t<\/div>\n\t\t\t\t<\/div>\n\t\t\t\t<div class=\"elementor-element elementor-element-7b36178 elementor-widget elementor-widget-heading\" data-id=\"7b36178\" data-element_type=\"widget\" data-widget_type=\"heading.default\">\n\t\t\t\t<div class=\"elementor-widget-container\">\n\t\t\t\t\t<h2 class=\"elementor-heading-title elementor-size-default\">OBJECTIVES<\/h2>\t\t\t\t<\/div>\n\t\t\t\t<\/div>\n\t\t\t\t<div class=\"elementor-element elementor-element-ee28a62 elementor-widget elementor-widget-spacer\" data-id=\"ee28a62\" data-element_type=\"widget\" data-widget_type=\"spacer.default\">\n\t\t\t\t<div class=\"elementor-widget-container\">\n\t\t\t\t\t\t\t<div class=\"elementor-spacer\">\n\t\t\t<div class=\"elementor-spacer-inner\"><\/div>\n\t\t<\/div>\n\t\t\t\t\t\t<\/div>\n\t\t\t\t<\/div>\n\t\t\t\t<div class=\"elementor-element elementor-element-48973d7 elementor-widget elementor-widget-text-editor\" data-id=\"48973d7\" data-element_type=\"widget\" data-widget_type=\"text-editor.default\">\n\t\t\t\t<div class=\"elementor-widget-container\">\n\t\t\t\t\t\t\t\t\t<p>Identify weak points and areas for improvement to sell more\u00a0<\/p>\t\t\t\t\t\t\t\t<\/div>\n\t\t\t\t<\/div>\n\t\t\t\t<div class=\"elementor-element elementor-element-73e7b3f elementor-widget elementor-widget-button\" data-id=\"73e7b3f\" data-element_type=\"widget\" data-widget_type=\"button.default\">\n\t\t\t\t<div class=\"elementor-widget-container\">\n\t\t\t\t\t\t\t\t\t<div class=\"elementor-button-wrapper\">\n\t\t\t\t\t<a class=\"elementor-button elementor-button-link elementor-size-sm\" href=\"https:\/\/techfizz-bc.com\/en\/objectifs-de-business-developpement\/\" target=\"_blank\">\n\t\t\t\t\t\t<span class=\"elementor-button-content-wrapper\">\n\t\t\t\t\t\t\t\t\t<span class=\"elementor-button-text\">en savoir plus<\/span>\n\t\t\t\t\t<\/span>\n\t\t\t\t\t<\/a>\n\t\t\t\t<\/div>\n\t\t\t\t\t\t\t\t<\/div>\n\t\t\t\t<\/div>\n\t\t\t\t\t<\/div>\n\t\t<\/div>\n\t\t\t\t<div class=\"elementor-column elementor-col-25 elementor-top-column elementor-element elementor-element-9e43f58\" data-id=\"9e43f58\" data-element_type=\"column\">\n\t\t\t<div class=\"elementor-widget-wrap elementor-element-populated\">\n\t\t\t\t\t\t<div class=\"elementor-element elementor-element-80fcd06 elementor-widget elementor-widget-image\" data-id=\"80fcd06\" data-element_type=\"widget\" data-widget_type=\"image.default\">\n\t\t\t\t<div class=\"elementor-widget-container\">\n\t\t\t\t\t\t\t\t\t\t\t\t\t\t\t\t<a href=\"https:\/\/techfizz-bc.com\/index.php\/methode-business-developpement\/\">\n\t\t\t\t\t\t\t<img decoding=\"async\" width=\"640\" height=\"512\" src=\"https:\/\/techfizz-bc.com\/wp-content\/uploads\/2021\/12\/METHODES-1024x819.png\" class=\"elementor-animation-grow attachment-large size-large wp-image-77458\" alt=\"\" srcset=\"https:\/\/techfizz-bc.com\/wp-content\/uploads\/2021\/12\/METHODES-1024x819.png 1024w, https:\/\/techfizz-bc.com\/wp-content\/uploads\/2021\/12\/METHODES-1200x960.png 1200w, https:\/\/techfizz-bc.com\/wp-content\/uploads\/2021\/12\/METHODES-300x240.png 300w, https:\/\/techfizz-bc.com\/wp-content\/uploads\/2021\/12\/METHODES-768x614.png 768w, https:\/\/techfizz-bc.com\/wp-content\/uploads\/2021\/12\/METHODES-1536x1229.png 1536w, https:\/\/techfizz-bc.com\/wp-content\/uploads\/2021\/12\/METHODES.png 2000w\" sizes=\"(max-width: 640px) 100vw, 640px\" \/>\t\t\t\t\t\t\t\t<\/a>\n\t\t\t\t\t\t\t\t\t\t\t\t\t\t\t<\/div>\n\t\t\t\t<\/div>\n\t\t\t\t<div class=\"elementor-element elementor-element-28fdaed elementor-widget elementor-widget-heading\" data-id=\"28fdaed\" data-element_type=\"widget\" data-widget_type=\"heading.default\">\n\t\t\t\t<div class=\"elementor-widget-container\">\n\t\t\t\t\t<h2 class=\"elementor-heading-title elementor-size-default\">METHODOLOGY<\/h2>\t\t\t\t<\/div>\n\t\t\t\t<\/div>\n\t\t\t\t<div class=\"elementor-element elementor-element-0ea13e5 elementor-widget elementor-widget-spacer\" data-id=\"0ea13e5\" data-element_type=\"widget\" data-widget_type=\"spacer.default\">\n\t\t\t\t<div class=\"elementor-widget-container\">\n\t\t\t\t\t\t\t<div class=\"elementor-spacer\">\n\t\t\t<div class=\"elementor-spacer-inner\"><\/div>\n\t\t<\/div>\n\t\t\t\t\t\t<\/div>\n\t\t\t\t<\/div>\n\t\t\t\t<div class=\"elementor-element elementor-element-7f61294 elementor-widget elementor-widget-text-editor\" data-id=\"7f61294\" data-element_type=\"widget\" data-widget_type=\"text-editor.default\">\n\t\t\t\t<div class=\"elementor-widget-container\">\n\t\t\t\t\t\t\t\t\t<p>Our diagnostic and action plan method mapped<\/p>\t\t\t\t\t\t\t\t<\/div>\n\t\t\t\t<\/div>\n\t\t\t\t<div class=\"elementor-element elementor-element-7ae7d04 elementor-widget elementor-widget-button\" data-id=\"7ae7d04\" data-element_type=\"widget\" data-widget_type=\"button.default\">\n\t\t\t\t<div class=\"elementor-widget-container\">\n\t\t\t\t\t\t\t\t\t<div class=\"elementor-button-wrapper\">\n\t\t\t\t\t<a class=\"elementor-button elementor-button-link elementor-size-sm\" href=\"https:\/\/techfizz-bc.com\/en\/methode-business-developpement\/\">\n\t\t\t\t\t\t<span class=\"elementor-button-content-wrapper\">\n\t\t\t\t\t\t\t\t\t<span class=\"elementor-button-text\">en savoir plus<\/span>\n\t\t\t\t\t<\/span>\n\t\t\t\t\t<\/a>\n\t\t\t\t<\/div>\n\t\t\t\t\t\t\t\t<\/div>\n\t\t\t\t<\/div>\n\t\t\t\t\t<\/div>\n\t\t<\/div>\n\t\t\t\t<div class=\"elementor-column elementor-col-25 elementor-top-column elementor-element elementor-element-cbdd66e\" data-id=\"cbdd66e\" data-element_type=\"column\">\n\t\t\t<div class=\"elementor-widget-wrap elementor-element-populated\">\n\t\t\t\t\t\t<div class=\"elementor-element elementor-element-5ec159d elementor-widget elementor-widget-image\" data-id=\"5ec159d\" data-element_type=\"widget\" data-widget_type=\"image.default\">\n\t\t\t\t<div class=\"elementor-widget-container\">\n\t\t\t\t\t\t\t\t\t\t\t\t\t\t\t\t<a href=\"https:\/\/techfizz-bc.com\/index.php\/equipe\/\">\n\t\t\t\t\t\t\t<img loading=\"lazy\" decoding=\"async\" width=\"640\" height=\"512\" src=\"https:\/\/techfizz-bc.com\/wp-content\/uploads\/2021\/12\/equipe-1024x819.png\" class=\"elementor-animation-grow attachment-large size-large wp-image-77460\" alt=\"Se former en groupe pour apprendre \u00e0 communiquer\" srcset=\"https:\/\/techfizz-bc.com\/wp-content\/uploads\/2021\/12\/equipe-1024x819.png 1024w, https:\/\/techfizz-bc.com\/wp-content\/uploads\/2021\/12\/equipe-1200x960.png 1200w, https:\/\/techfizz-bc.com\/wp-content\/uploads\/2021\/12\/equipe-300x240.png 300w, https:\/\/techfizz-bc.com\/wp-content\/uploads\/2021\/12\/equipe-768x614.png 768w, https:\/\/techfizz-bc.com\/wp-content\/uploads\/2021\/12\/equipe-1536x1229.png 1536w, https:\/\/techfizz-bc.com\/wp-content\/uploads\/2021\/12\/equipe.png 2000w\" sizes=\"(max-width: 640px) 100vw, 640px\" \/>\t\t\t\t\t\t\t\t<\/a>\n\t\t\t\t\t\t\t\t\t\t\t\t\t\t\t<\/div>\n\t\t\t\t<\/div>\n\t\t\t\t<div class=\"elementor-element elementor-element-daefafc elementor-widget elementor-widget-heading\" data-id=\"daefafc\" data-element_type=\"widget\" data-widget_type=\"heading.default\">\n\t\t\t\t<div class=\"elementor-widget-container\">\n\t\t\t\t\t<h2 class=\"elementor-heading-title elementor-size-default\">TEAM<\/h2>\t\t\t\t<\/div>\n\t\t\t\t<\/div>\n\t\t\t\t<div class=\"elementor-element elementor-element-7e74b01 elementor-widget elementor-widget-spacer\" data-id=\"7e74b01\" data-element_type=\"widget\" data-widget_type=\"spacer.default\">\n\t\t\t\t<div class=\"elementor-widget-container\">\n\t\t\t\t\t\t\t<div class=\"elementor-spacer\">\n\t\t\t<div class=\"elementor-spacer-inner\"><\/div>\n\t\t<\/div>\n\t\t\t\t\t\t<\/div>\n\t\t\t\t<\/div>\n\t\t\t\t<div class=\"elementor-element elementor-element-2cb68dd elementor-widget elementor-widget-text-editor\" data-id=\"2cb68dd\" data-element_type=\"widget\" data-widget_type=\"text-editor.default\">\n\t\t\t\t<div class=\"elementor-widget-container\">\n\t\t\t\t\t\t\t\t\t<p>Our team at your service&nbsp; &nbsp; &nbsp; &nbsp; &nbsp; &nbsp; &nbsp; &nbsp; &nbsp; &nbsp; &nbsp; &nbsp; &nbsp; &nbsp; &nbsp;<\/p>\t\t\t\t\t\t\t\t<\/div>\n\t\t\t\t<\/div>\n\t\t\t\t<div class=\"elementor-element elementor-element-cd90a0a elementor-widget elementor-widget-button\" data-id=\"cd90a0a\" data-element_type=\"widget\" data-widget_type=\"button.default\">\n\t\t\t\t<div class=\"elementor-widget-container\">\n\t\t\t\t\t\t\t\t\t<div class=\"elementor-button-wrapper\">\n\t\t\t\t\t<a class=\"elementor-button elementor-button-link elementor-size-sm\" href=\"# \">\n\t\t\t\t\t\t<span class=\"elementor-button-content-wrapper\">\n\t\t\t\t\t\t\t\t\t<span class=\"elementor-button-text\">en savoir plus<\/span>\n\t\t\t\t\t<\/span>\n\t\t\t\t\t<\/a>\n\t\t\t\t<\/div>\n\t\t\t\t\t\t\t\t<\/div>\n\t\t\t\t<\/div>\n\t\t\t\t\t<\/div>\n\t\t<\/div>\n\t\t\t\t<div class=\"elementor-column elementor-col-25 elementor-top-column elementor-element elementor-element-8e19395\" data-id=\"8e19395\" data-element_type=\"column\">\n\t\t\t<div class=\"elementor-widget-wrap elementor-element-populated\">\n\t\t\t\t\t\t<div class=\"elementor-element elementor-element-f04d637 elementor-widget elementor-widget-image\" data-id=\"f04d637\" data-element_type=\"widget\" data-widget_type=\"image.default\">\n\t\t\t\t<div class=\"elementor-widget-container\">\n\t\t\t\t\t\t\t\t\t\t\t\t\t\t\t<img loading=\"lazy\" decoding=\"async\" width=\"640\" height=\"512\" src=\"https:\/\/techfizz-bc.com\/wp-content\/uploads\/2021\/12\/REFERENCES-1024x819.png\" class=\"elementor-animation-grow attachment-large size-large wp-image-77461\" alt=\"\" srcset=\"https:\/\/techfizz-bc.com\/wp-content\/uploads\/2021\/12\/REFERENCES-1024x819.png 1024w, https:\/\/techfizz-bc.com\/wp-content\/uploads\/2021\/12\/REFERENCES-1200x960.png 1200w, https:\/\/techfizz-bc.com\/wp-content\/uploads\/2021\/12\/REFERENCES-300x240.png 300w, https:\/\/techfizz-bc.com\/wp-content\/uploads\/2021\/12\/REFERENCES-768x614.png 768w, https:\/\/techfizz-bc.com\/wp-content\/uploads\/2021\/12\/REFERENCES-1536x1229.png 1536w, https:\/\/techfizz-bc.com\/wp-content\/uploads\/2021\/12\/REFERENCES.png 2000w\" sizes=\"(max-width: 640px) 100vw, 640px\" \/>\t\t\t\t\t\t\t\t\t\t\t\t\t\t\t<\/div>\n\t\t\t\t<\/div>\n\t\t\t\t<div class=\"elementor-element elementor-element-7e270c5 elementor-widget elementor-widget-heading\" data-id=\"7e270c5\" data-element_type=\"widget\" data-widget_type=\"heading.default\">\n\t\t\t\t<div class=\"elementor-widget-container\">\n\t\t\t\t\t<h2 class=\"elementor-heading-title elementor-size-default\">REFERENCES<\/h2>\t\t\t\t<\/div>\n\t\t\t\t<\/div>\n\t\t\t\t<div class=\"elementor-element elementor-element-db4ef4a elementor-widget elementor-widget-spacer\" data-id=\"db4ef4a\" data-element_type=\"widget\" data-widget_type=\"spacer.default\">\n\t\t\t\t<div class=\"elementor-widget-container\">\n\t\t\t\t\t\t\t<div class=\"elementor-spacer\">\n\t\t\t<div class=\"elementor-spacer-inner\"><\/div>\n\t\t<\/div>\n\t\t\t\t\t\t<\/div>\n\t\t\t\t<\/div>\n\t\t\t\t<div class=\"elementor-element elementor-element-b947d28 elementor-widget elementor-widget-text-editor\" data-id=\"b947d28\" data-element_type=\"widget\" data-widget_type=\"text-editor.default\">\n\t\t\t\t<div class=\"elementor-widget-container\">\n\t\t\t\t\t\t\t\t\t<p>Since 2000, Techfizz partners have worked in many companies&nbsp;<\/p>\t\t\t\t\t\t\t\t<\/div>\n\t\t\t\t<\/div>\n\t\t\t\t\t<\/div>\n\t\t<\/div>\n\t\t\t\t\t<\/div>\n\t\t<\/section>\n\t\t\t\t<section class=\"elementor-section elementor-top-section elementor-element elementor-element-f5e0ddd elementor-section-boxed elementor-section-height-default elementor-section-height-default\" data-id=\"f5e0ddd\" data-element_type=\"section\">\n\t\t\t\t\t\t<div class=\"elementor-container elementor-column-gap-default\">\n\t\t\t\t\t<div class=\"elementor-column elementor-col-100 elementor-top-column elementor-element elementor-element-2c4e3d0\" data-id=\"2c4e3d0\" data-element_type=\"column\">\n\t\t\t<div class=\"elementor-widget-wrap elementor-element-populated\">\n\t\t\t\t\t\t<div class=\"elementor-element elementor-element-93a70d3 elementor-widget elementor-widget-spacer\" data-id=\"93a70d3\" data-element_type=\"widget\" data-widget_type=\"spacer.default\">\n\t\t\t\t<div class=\"elementor-widget-container\">\n\t\t\t\t\t\t\t<div class=\"elementor-spacer\">\n\t\t\t<div class=\"elementor-spacer-inner\"><\/div>\n\t\t<\/div>\n\t\t\t\t\t\t<\/div>\n\t\t\t\t<\/div>\n\t\t\t\t\t<\/div>\n\t\t<\/div>\n\t\t\t\t\t<\/div>\n\t\t<\/section>\n\t\t\t\t<\/div>","protected":false},"excerpt":{"rendered":"<p>BUSINESS D\u00c9VELOPPEMENT Tout chef d\u2019entreprise se pose la question de savoir comment il pourrait augmenter son chiffre d\u2019affaires, comment toucher de nouveaux clients, quelle serait l\u2019opportunit\u00e9 de lancer de nouveaux produits ou de nouveaux services. Ces questions sont tr\u00e8s importantes dans deux situations particuli\u00e8res\u00a0: quand l\u2019entrepreneur est dans un \u00ab\u00a0early stage\u00a0\u00bb et que l\u2019acc\u00e8s au [&hellip;]<\/p>","protected":false},"author":1,"featured_media":0,"parent":0,"menu_order":0,"comment_status":"closed","ping_status":"closed","template":"","meta":{"footnotes":""},"class_list":["post-56","page","type-page","status-publish","hentry"],"_links":{"self":[{"href":"https:\/\/techfizz-bc.com\/en\/wp-json\/wp\/v2\/pages\/56","targetHints":{"allow":["GET"]}}],"collection":[{"href":"https:\/\/techfizz-bc.com\/en\/wp-json\/wp\/v2\/pages"}],"about":[{"href":"https:\/\/techfizz-bc.com\/en\/wp-json\/wp\/v2\/types\/page"}],"author":[{"embeddable":true,"href":"https:\/\/techfizz-bc.com\/en\/wp-json\/wp\/v2\/users\/1"}],"replies":[{"embeddable":true,"href":"https:\/\/techfizz-bc.com\/en\/wp-json\/wp\/v2\/comments?post=56"}],"version-history":[{"count":348,"href":"https:\/\/techfizz-bc.com\/en\/wp-json\/wp\/v2\/pages\/56\/revisions"}],"predecessor-version":[{"id":79374,"href":"https:\/\/techfizz-bc.com\/en\/wp-json\/wp\/v2\/pages\/56\/revisions\/79374"}],"wp:attachment":[{"href":"https:\/\/techfizz-bc.com\/en\/wp-json\/wp\/v2\/media?parent=56"}],"curies":[{"name":"wp","href":"https:\/\/api.w.org\/{rel}","templated":true}]}}