{"id":3,"date":"2020-12-21T16:26:27","date_gmt":"2020-12-21T15:26:27","guid":{"rendered":"http:\/\/techfizz-bc.com\/?page_id=3"},"modified":"2024-01-30T16:13:08","modified_gmt":"2024-01-30T15:13:08","slug":"politique-de-confidentialite","status":"publish","type":"page","link":"https:\/\/techfizz-bc.com\/en\/politique-de-confidentialite\/","title":{"rendered":"Legal notice"},"content":{"rendered":"<div data-elementor-type=\"wp-page\" data-elementor-id=\"3\" class=\"elementor elementor-3\" data-elementor-post-type=\"page\">\n\t\t\t\t\t\t<section class=\"elementor-section elementor-top-section elementor-element elementor-element-7cc0832 elementor-section-boxed elementor-section-height-default elementor-section-height-default\" data-id=\"7cc0832\" data-element_type=\"section\">\n\t\t\t\t\t\t<div class=\"elementor-container elementor-column-gap-default\">\n\t\t\t\t\t<div class=\"elementor-column elementor-col-100 elementor-top-column elementor-element elementor-element-b0a6ef6\" data-id=\"b0a6ef6\" data-element_type=\"column\">\n\t\t\t<div class=\"elementor-widget-wrap elementor-element-populated\">\n\t\t\t\t\t\t<div class=\"elementor-element elementor-element-3bb187a elementor-widget elementor-widget-text-editor\" data-id=\"3bb187a\" data-element_type=\"widget\" data-widget_type=\"text-editor.default\">\n\t\t\t\t<div class=\"elementor-widget-container\">\n\t\t\t\t\t\t\t\t\t<p>\u00a0MENTIONS L\u00c9GALES\u00a0<\/p><ul><li>D\u00e9nomination : Techfizz Business Consulting<\/li><li>Si\u00e8ge social : 8 bis rue Abel 75012 Paris<\/li><li>Num\u00e9ro de t\u00e9l\u00e9phone : 01 73 23 59 16<\/li><li>Adresse e-mail : contact@techfizz-bc.com<\/li><li>Registre du commerce et des soci\u00e9t\u00e9s (RCS) de Paris : 893 905 851<\/li><li>TVA intracommunautaire : FR81893905851<\/li><li>APE\/ NAF : 7022 Z<\/li><li>Nom du directeur de publication : Denis Boehringer<\/li><\/ul>\t\t\t\t\t\t\t\t<\/div>\n\t\t\t\t<\/div>\n\t\t\t\t\t<\/div>\n\t\t<\/div>\n\t\t\t\t\t<\/div>\n\t\t<\/section>\n\t\t\t\t<section class=\"elementor-section elementor-top-section elementor-element elementor-element-afb8034 elementor-section-boxed elementor-section-height-default elementor-section-height-default\" data-id=\"afb8034\" data-element_type=\"section\">\n\t\t\t\t\t\t<div class=\"elementor-container elementor-column-gap-default\">\n\t\t\t\t\t<div class=\"elementor-column elementor-col-100 elementor-top-column elementor-element elementor-element-288afde\" data-id=\"288afde\" data-element_type=\"column\">\n\t\t\t<div class=\"elementor-widget-wrap elementor-element-populated\">\n\t\t\t\t\t\t<div class=\"elementor-element elementor-element-a5dcf9c elementor-widget elementor-widget-text-editor\" data-id=\"a5dcf9c\" data-element_type=\"widget\" data-widget_type=\"text-editor.default\">\n\t\t\t\t<div class=\"elementor-widget-container\">\n\t\t\t\t\t\t\t\t\t<p>H\u00c9BERG\u00c9 PAR :\u00a0<\/p><ul><li>Raison sociale : OVH SAS<\/li><li>Adresse : 2 rue Kellermann 59100 Roubaix FRANCE<\/li><li>photos et iconographies : tous droits r\u00e9serv\u00e9s<\/li><\/ul>\t\t\t\t\t\t\t\t<\/div>\n\t\t\t\t<\/div>\n\t\t\t\t\t<\/div>\n\t\t<\/div>\n\t\t\t\t\t<\/div>\n\t\t<\/section>\n\t\t\t\t<section class=\"elementor-section elementor-top-section elementor-element elementor-element-23bff39 elementor-section-boxed elementor-section-height-default elementor-section-height-default\" data-id=\"23bff39\" data-element_type=\"section\">\n\t\t\t\t\t\t<div class=\"elementor-container elementor-column-gap-default\">\n\t\t\t\t\t<div class=\"elementor-column elementor-col-100 elementor-top-column elementor-element elementor-element-a2a631c\" data-id=\"a2a631c\" data-element_type=\"column\">\n\t\t\t<div class=\"elementor-widget-wrap elementor-element-populated\">\n\t\t\t\t\t\t<div class=\"elementor-element elementor-element-c41af10 elementor-widget elementor-widget-spacer\" data-id=\"c41af10\" data-element_type=\"widget\" data-widget_type=\"spacer.default\">\n\t\t\t\t<div class=\"elementor-widget-container\">\n\t\t\t\t\t\t\t<div class=\"elementor-spacer\">\n\t\t\t<div class=\"elementor-spacer-inner\"><\/div>\n\t\t<\/div>\n\t\t\t\t\t\t<\/div>\n\t\t\t\t<\/div>\n\t\t\t\t\t<\/div>\n\t\t<\/div>\n\t\t\t\t\t<\/div>\n\t\t<\/section>\n\t\t\t\t<\/div>","protected":false},"excerpt":{"rendered":"<p>\u00a0MENTIONS L\u00c9GALES\u00a0 D\u00e9nomination : Techfizz Business Consulting Si\u00e8ge social : 8 bis rue Abel 75012 Paris Num\u00e9ro de t\u00e9l\u00e9phone : 01 73 23 59 16 Adresse e-mail : contact@techfizz-bc.com Registre du commerce et des soci\u00e9t\u00e9s (RCS) de Paris : 893 905 851 TVA intracommunautaire : FR81893905851 APE\/ NAF : 7022 Z Nom du directeur de [&hellip;]<\/p>","protected":false},"author":1,"featured_media":0,"parent":0,"menu_order":0,"comment_status":"closed","ping_status":"closed","template":"","meta":{"footnotes":""},"class_list":["post-3","page","type-page","status-publish","hentry"],"_links":{"self":[{"href":"https:\/\/techfizz-bc.com\/en\/wp-json\/wp\/v2\/pages\/3","targetHints":{"allow":["GET"]}}],"collection":[{"href":"https:\/\/techfizz-bc.com\/en\/wp-json\/wp\/v2\/pages"}],"about":[{"href":"https:\/\/techfizz-bc.com\/en\/wp-json\/wp\/v2\/types\/page"}],"author":[{"embeddable":true,"href":"https:\/\/techfizz-bc.com\/en\/wp-json\/wp\/v2\/users\/1"}],"replies":[{"embeddable":true,"href":"https:\/\/techfizz-bc.com\/en\/wp-json\/wp\/v2\/comments?post=3"}],"version-history":[{"count":44,"href":"https:\/\/techfizz-bc.com\/en\/wp-json\/wp\/v2\/pages\/3\/revisions"}],"predecessor-version":[{"id":78834,"href":"https:\/\/techfizz-bc.com\/en\/wp-json\/wp\/v2\/pages\/3\/revisions\/78834"}],"wp:attachment":[{"href":"https:\/\/techfizz-bc.com\/en\/wp-json\/wp\/v2\/media?parent=3"}],"curies":[{"name":"wp","href":"https:\/\/api.w.org\/{rel}","templated":true}]}}